{"id":265,"date":"2019-09-28T18:27:13","date_gmt":"2019-09-28T16:27:13","guid":{"rendered":"https:\/\/www.sw-stein.de\/sw\/?page_id=265"},"modified":"2023-11-11T15:32:14","modified_gmt":"2023-11-11T14:32:14","slug":"lehrportfolio","status":"publish","type":"page","link":"https:\/\/www.sw-stein.de\/sw\/dr-stefan-wagner\/lehrportfolio\/","title":{"rendered":"Lehrportfolio"},"content":{"rendered":"<div class=\"shariff shariff-align-left shariff-widget-align-left\" style=\"display:none\" data-services=\"facebook\" data-url=\"https:\/\/www.sw-stein.de\/sw\/dr-stefan-wagner\/lehrportfolio\/\" data-timestamp=\"1699716734\" data-hidezero=\"1\" data-backendurl=\"https:\/\/www.sw-stein.de\/sw\/wp-json\/shariff\/v1\/share_counts?\"><ul class=\"shariff-buttons theme-round orientation-horizontal buttonsize-large\"><li class=\"shariff-button mailto shariff-nocustomcolor\" style=\"background-color:#a8a8a8;border-radius:43%\"><a href=\"mailto:?body=https%3A%2F%2Fwww.sw-stein.de%2Fsw%2Fdr-stefan-wagner%2Flehrportfolio%2F&subject=Lehrportfolio\" title=\"Per E-Mail versenden\" aria-label=\"Per E-Mail versenden\" role=\"button\" rel=\"noopener nofollow\" class=\"shariff-link\" style=\";border-radius:43%; background-color:#999; color:#fff\"><span class=\"shariff-icon\" style=\"\"><svg width=\"32px\" height=\"20px\" xmlns=\"http:\/\/www.w3.org\/2000\/svg\" viewBox=\"0 0 32 32\"><path fill=\"#999\" d=\"M32 12.7v14.2q0 1.2-0.8 2t-2 0.9h-26.3q-1.2 0-2-0.9t-0.8-2v-14.2q0.8 0.9 1.8 1.6 6.5 4.4 8.9 6.1 1 0.8 1.6 1.2t1.7 0.9 2 0.4h0.1q0.9 0 2-0.4t1.7-0.9 1.6-1.2q3-2.2 8.9-6.1 1-0.7 1.8-1.6zM32 7.4q0 1.4-0.9 2.7t-2.2 2.2q-6.7 4.7-8.4 5.8-0.2 0.1-0.7 0.5t-1 0.7-0.9 0.6-1.1 0.5-0.9 0.2h-0.1q-0.4 0-0.9-0.2t-1.1-0.5-0.9-0.6-1-0.7-0.7-0.5q-1.6-1.1-4.7-3.2t-3.6-2.6q-1.1-0.7-2.1-2t-1-2.5q0-1.4 0.7-2.3t2.1-0.9h26.3q1.2 0 2 0.8t0.9 2z\"\/><\/svg><\/span><\/a><\/li><li class=\"shariff-button printer shariff-nocustomcolor\" style=\"background-color:#a8a8a8;border-radius:43%\"><a href=\"javascript:window.print()\" title=\"drucken\" aria-label=\"drucken\" role=\"button\" rel=\"noopener nofollow\" class=\"shariff-link\" style=\";border-radius:43%; background-color:#999; color:#fff\"><span class=\"shariff-icon\" style=\"\"><svg width=\"32px\" height=\"20px\" xmlns=\"http:\/\/www.w3.org\/2000\/svg\" viewBox=\"0 0 30 32\"><path fill=\"#999\" d=\"M6.8 27.4h16v-4.6h-16v4.6zM6.8 16h16v-6.8h-2.8q-0.7 0-1.2-0.5t-0.5-1.2v-2.8h-11.4v11.4zM27.4 17.2q0-0.5-0.3-0.8t-0.8-0.4-0.8 0.4-0.3 0.8 0.3 0.8 0.8 0.3 0.8-0.3 0.3-0.8zM29.7 17.2v7.4q0 0.2-0.2 0.4t-0.4 0.2h-4v2.8q0 0.7-0.5 1.2t-1.2 0.5h-17.2q-0.7 0-1.2-0.5t-0.5-1.2v-2.8h-4q-0.2 0-0.4-0.2t-0.2-0.4v-7.4q0-1.4 1-2.4t2.4-1h1.2v-9.7q0-0.7 0.5-1.2t1.2-0.5h12q0.7 0 1.6 0.4t1.3 0.8l2.7 2.7q0.5 0.5 0.9 1.4t0.4 1.6v4.6h1.1q1.4 0 2.4 1t1 2.4z\"\/><\/svg><\/span><\/a><\/li><li class=\"shariff-button telegram shariff-nocustomcolor\" style=\"background-color:#4084A6;border-radius:43%\"><a href=\"https:\/\/telegram.me\/share\/url?url=https%3A%2F%2Fwww.sw-stein.de%2Fsw%2Fdr-stefan-wagner%2Flehrportfolio%2F&text=Lehrportfolio\" title=\"Bei Telegram teilen\" aria-label=\"Bei Telegram teilen\" role=\"button\" rel=\"noopener nofollow\" class=\"shariff-link\" style=\";border-radius:43%; background-color:#0088cc; color:#fff\" target=\"_blank\"><span class=\"shariff-icon\" style=\"\"><svg width=\"32px\" height=\"20px\" xmlns=\"http:\/\/www.w3.org\/2000\/svg\" viewBox=\"0 0 32 32\"><path fill=\"#0088cc\" d=\"M30.8 6.5l-4.5 21.4c-.3 1.5-1.2 1.9-2.5 1.2L16.9 24l-3.3 3.2c-.4.4-.7.7-1.4.7l.5-7L25.5 9.2c.6-.5-.1-.8-.9-.3l-15.8 10L2 16.7c-1.5-.5-1.5-1.5.3-2.2L28.9 4.3c1.3-.5 2.3.3 1.9 2.2z\"\/><\/svg><\/span><\/a><\/li><li class=\"shariff-button whatsapp shariff-nocustomcolor shariff-mobile\" style=\"background-color:#5cbe4a;border-radius:43%\"><a href=\"https:\/\/api.whatsapp.com\/send?text=https%3A%2F%2Fwww.sw-stein.de%2Fsw%2Fdr-stefan-wagner%2Flehrportfolio%2F%20Lehrportfolio\" title=\"Bei Whatsapp teilen\" aria-label=\"Bei Whatsapp teilen\" role=\"button\" rel=\"noopener nofollow\" class=\"shariff-link\" style=\";border-radius:43%; background-color:#34af23; color:#fff\" target=\"_blank\"><span class=\"shariff-icon\" style=\"\"><svg width=\"32px\" height=\"20px\" xmlns=\"http:\/\/www.w3.org\/2000\/svg\" viewBox=\"0 0 32 32\"><path fill=\"#34af23\" d=\"M17.6 17.4q0.2 0 1.7 0.8t1.6 0.9q0 0.1 0 0.3 0 0.6-0.3 1.4-0.3 0.7-1.3 1.2t-1.8 0.5q-1 0-3.4-1.1-1.7-0.8-3-2.1t-2.6-3.3q-1.3-1.9-1.3-3.5v-0.1q0.1-1.6 1.3-2.8 0.4-0.4 0.9-0.4 0.1 0 0.3 0t0.3 0q0.3 0 0.5 0.1t0.3 0.5q0.1 0.4 0.6 1.6t0.4 1.3q0 0.4-0.6 1t-0.6 0.8q0 0.1 0.1 0.3 0.6 1.3 1.8 2.4 1 0.9 2.7 1.8 0.2 0.1 0.4 0.1 0.3 0 1-0.9t0.9-0.9zM14 26.9q2.3 0 4.3-0.9t3.6-2.4 2.4-3.6 0.9-4.3-0.9-4.3-2.4-3.6-3.6-2.4-4.3-0.9-4.3 0.9-3.6 2.4-2.4 3.6-0.9 4.3q0 3.6 2.1 6.6l-1.4 4.2 4.3-1.4q2.8 1.9 6.2 1.9zM14 2.2q2.7 0 5.2 1.1t4.3 2.9 2.9 4.3 1.1 5.2-1.1 5.2-2.9 4.3-4.3 2.9-5.2 1.1q-3.5 0-6.5-1.7l-7.4 2.4 2.4-7.2q-1.9-3.2-1.9-6.9 0-2.7 1.1-5.2t2.9-4.3 4.3-2.9 5.2-1.1z\"\/><\/svg><\/span><\/a><\/li><li class=\"shariff-button threema shariff-nocustomcolor shariff-mobile\" style=\"background-color:#4fbc24;border-radius:43%\"><a href=\"threema:\/\/compose?text=Lehrportfolio%20https%3A%2F%2Fwww.sw-stein.de%2Fsw%2Fdr-stefan-wagner%2Flehrportfolio%2F\" title=\"Bei Threema teilen\" aria-label=\"Bei Threema teilen\" role=\"button\" rel=\"noopener nofollow\" class=\"shariff-link\" style=\";border-radius:43%; background-color:#1f1f1f; color:#fff\" target=\"_blank\"><span class=\"shariff-icon\" style=\"\"><svg width=\"32px\" height=\"20px\" xmlns=\"http:\/\/www.w3.org\/2000\/svg\" viewBox=\"0 0 32 32\"><path fill=\"#1f1f1f\" d=\"M30.8 10.9c-0.3-1.4-0.9-2.6-1.8-3.8-2-2.6-5.5-4.5-9.4-5.2-1.3-0.2-1.9-0.3-3.5-0.3s-2.2 0-3.5 0.3c-4 0.7-7.4 2.6-9.4 5.2-0.9 1.2-1.5 2.4-1.8 3.8-0.1 0.5-0.2 1.2-0.2 1.6 0 0.4 0.1 1.1 0.2 1.6 0.4 1.9 1.3 3.4 2.9 5 0.8 0.8 0.8 0.8 0.7 1.3 0 0.6-0.5 1.6-1.7 3.6-0.3 0.5-0.5 0.9-0.5 0.9 0 0.1 0.1 0.1 0.5 0 0.8-0.2 2.3-0.6 5.6-1.6 1.1-0.3 1.3-0.4 2.3-0.4 0.8 0 1.1 0 2.3 0.2 1.5 0.2 3.5 0.2 4.9 0 5.1-0.6 9.3-2.9 11.4-6.3 0.5-0.9 0.9-1.8 1.1-2.8 0.1-0.5 0.2-1.1 0.2-1.6 0-0.7-0.1-1.1-0.2-1.6-0.3-1.4 0.1 0.5 0 0zM20.6 17.3c0 0.4-0.4 0.8-0.8 0.8h-7.7c-0.4 0-0.8-0.4-0.8-0.8v-4.6c0-0.4 0.4-0.8 0.8-0.8h0.2l0-1.6c0-0.9 0-1.8 0.1-2 0.1-0.6 0.6-1.2 1.1-1.7s1.1-0.7 1.9-0.8c1.8-0.3 3.7 0.7 4.2 2.2 0.1 0.3 0.1 0.7 0.1 2.1v0 1.7h0.1c0.4 0 0.8 0.4 0.8 0.8v4.6zM15.6 7.3c-0.5 0.1-0.8 0.3-1.2 0.6s-0.6 0.8-0.7 1.3c0 0.2 0 0.8 0 1.5l0 1.2h4.6v-1.3c0-1 0-1.4-0.1-1.6-0.3-1.1-1.5-1.9-2.6-1.7zM25.8 28.2c0 1.2-1 2.2-2.1 2.2s-2.1-1-2.1-2.1c0-1.2 1-2.1 2.2-2.1s2.2 1 2.2 2.2zM18.1 28.2c0 1.2-1 2.2-2.1 2.2s-2.1-1-2.1-2.1c0-1.2 1-2.1 2.2-2.1s2.2 1 2.2 2.2zM10.4 28.2c0 1.2-1 2.2-2.1 2.2s-2.1-1-2.1-2.1c0-1.2 1-2.1 2.2-2.1s2.2 1 2.2 2.2z\"\/><\/svg><\/span><\/a><\/li><li class=\"shariff-button sms shariff-nocustomcolor shariff-mobile\" style=\"background-color:#d7d9d8;border-radius:43%\"><a href=\"sms:?&body=https%3A%2F%2Fwww.sw-stein.de%2Fsw%2Fdr-stefan-wagner%2Flehrportfolio%2F\" title=\"Per SMS teilen\" aria-label=\"Per SMS teilen\" role=\"button\" rel=\"noopener nofollow\" class=\"shariff-link\" style=\";border-radius:43%; background-color:#a1e877; color:#fff\" target=\"_blank\"><span class=\"shariff-icon\" style=\"\"><svg xmlns=\"http:\/\/www.w3.org\/2000\/svg\" width=\"510\" height=\"510\" viewBox=\"0 0 510 510\"><path fill=\"#a1e877\" d=\"M459 0H51C23 0 0 23 0 51v459l102-102h357c28.1 0 51-22.9 51-51V51C510 23 487.1 0 459 0zM178.5 229.5h-51v-51h51V229.5zM280.5 229.5h-51v-51h51V229.5zM382.5 229.5h-51v-51h51V229.5z\"\/><\/svg><\/span><\/a><\/li><li class=\"shariff-button rss shariff-nocustomcolor\" style=\"background-color:#ff8c00;border-radius:43%\"><a href=\"https:\/\/www.sw-stein.de\/sw\/feed\/rss\/\" title=\"RSS-feed\" aria-label=\"RSS-feed\" role=\"button\" class=\"shariff-link\" style=\";border-radius:43%; background-color:#fe9312; color:#fff\" target=\"_blank\"><span class=\"shariff-icon\" style=\"\"><svg width=\"32px\" height=\"20px\" xmlns=\"http:\/\/www.w3.org\/2000\/svg\" viewBox=\"0 0 32 32\"><path fill=\"#fe9312\" d=\"M4.3 23.5c-2.3 0-4.3 1.9-4.3 4.3 0 2.3 1.9 4.2 4.3 4.2 2.4 0 4.3-1.9 4.3-4.2 0-2.3-1.9-4.3-4.3-4.3zM0 10.9v6.1c4 0 7.7 1.6 10.6 4.4 2.8 2.8 4.4 6.6 4.4 10.6h6.2c0-11.7-9.5-21.1-21.1-21.1zM0 0v6.1c14.2 0 25.8 11.6 25.8 25.9h6.2c0-17.6-14.4-32-32-32z\"\/><\/svg><\/span><\/a><\/li><li class=\"shariff-button pocket shariff-nocustomcolor\" style=\"background-color:#444;border-radius:43%\"><a href=\"https:\/\/getpocket.com\/save?url=https%3A%2F%2Fwww.sw-stein.de%2Fsw%2Fdr-stefan-wagner%2Flehrportfolio%2F&title=Lehrportfolio\" title=\"Bei Pocket speichern\" aria-label=\"Bei Pocket speichern\" role=\"button\" rel=\"noopener nofollow\" class=\"shariff-link\" style=\";border-radius:43%; background-color:#ff0000; color:#fff\" target=\"_blank\"><span class=\"shariff-icon\" style=\"\"><svg width=\"32px\" height=\"20px\" xmlns=\"http:\/\/www.w3.org\/2000\/svg\" viewBox=\"0 0 27 28\"><path fill=\"#ff0000\" d=\"M24.5 2q1 0 1.7 0.7t0.7 1.7v8.1q0 2.8-1.1 5.3t-2.9 4.3-4.3 2.9-5.2 1.1q-2.7 0-5.2-1.1t-4.3-2.9-2.9-4.3-1.1-5.2v-8.1q0-1 0.7-1.7t1.7-0.7h22zM13.5 18.6q0.7 0 1.3-0.5l6.3-6.1q0.6-0.5 0.6-1.3 0-0.8-0.5-1.3t-1.3-0.5q-0.7 0-1.3 0.5l-5 4.8-5-4.8q-0.5-0.5-1.3-0.5-0.8 0-1.3 0.5t-0.5 1.3q0 0.8 0.6 1.3l6.3 6.1q0.5 0.5 1.3 0.5z\"\/><\/svg><\/span><\/a><\/li><li class=\"shariff-button facebook shariff-nocustomcolor\" style=\"background-color:#4273c8;border-radius:43%\"><a href=\"https:\/\/www.facebook.com\/sharer\/sharer.php?u=https%3A%2F%2Fwww.sw-stein.de%2Fsw%2Fdr-stefan-wagner%2Flehrportfolio%2F\" title=\"Bei Facebook teilen\" aria-label=\"Bei Facebook teilen\" role=\"button\" rel=\"nofollow\" class=\"shariff-link\" style=\";border-radius:43%; background-color:#3b5998; color:#fff\" target=\"_blank\"><span class=\"shariff-icon\" style=\"\"><svg width=\"32px\" height=\"20px\" xmlns=\"http:\/\/www.w3.org\/2000\/svg\" viewBox=\"0 0 18 32\"><path fill=\"#3b5998\" d=\"M17.1 0.2v4.7h-2.8q-1.5 0-2.1 0.6t-0.5 1.9v3.4h5.2l-0.7 5.3h-4.5v13.6h-5.5v-13.6h-4.5v-5.3h4.5v-3.9q0-3.3 1.9-5.2t5-1.8q2.6 0 4.1 0.2z\"\/><\/svg><\/span><\/a><\/li><li class=\"shariff-button linkedin shariff-nocustomcolor\" style=\"background-color:#1488bf;border-radius:43%\"><a href=\"https:\/\/www.linkedin.com\/sharing\/share-offsite\/?url=https%3A%2F%2Fwww.sw-stein.de%2Fsw%2Fdr-stefan-wagner%2Flehrportfolio%2F\" title=\"Bei LinkedIn teilen\" aria-label=\"Bei LinkedIn teilen\" role=\"button\" rel=\"noopener nofollow\" class=\"shariff-link\" style=\";border-radius:43%; background-color:#0077b5; color:#fff\" target=\"_blank\"><span class=\"shariff-icon\" style=\"\"><svg width=\"32px\" height=\"20px\" xmlns=\"http:\/\/www.w3.org\/2000\/svg\" viewBox=\"0 0 27 32\"><path fill=\"#0077b5\" d=\"M6.2 11.2v17.7h-5.9v-17.7h5.9zM6.6 5.7q0 1.3-0.9 2.2t-2.4 0.9h0q-1.5 0-2.4-0.9t-0.9-2.2 0.9-2.2 2.4-0.9 2.4 0.9 0.9 2.2zM27.4 18.7v10.1h-5.9v-9.5q0-1.9-0.7-2.9t-2.3-1.1q-1.1 0-1.9 0.6t-1.2 1.5q-0.2 0.5-0.2 1.4v9.9h-5.9q0-7.1 0-11.6t0-5.3l0-0.9h5.9v2.6h0q0.4-0.6 0.7-1t1-0.9 1.6-0.8 2-0.3q3 0 4.9 2t1.9 6z\"\/><\/svg><\/span><\/a><\/li><li class=\"shariff-button xing shariff-nocustomcolor\" style=\"background-color:#29888a;border-radius:43%\"><a href=\"https:\/\/www.xing.com\/spi\/shares\/new?url=https%3A%2F%2Fwww.sw-stein.de%2Fsw%2Fdr-stefan-wagner%2Flehrportfolio%2F\" title=\"Bei XING teilen\" aria-label=\"Bei XING teilen\" role=\"button\" rel=\"noopener nofollow\" class=\"shariff-link\" style=\";border-radius:43%; background-color:#126567; color:#fff\" target=\"_blank\"><span class=\"shariff-icon\" style=\"\"><svg width=\"32px\" height=\"20px\" xmlns=\"http:\/\/www.w3.org\/2000\/svg\" viewBox=\"0 0 25 32\"><path fill=\"#126567\" d=\"M10.7 11.9q-0.2 0.3-4.6 8.2-0.5 0.8-1.2 0.8h-4.3q-0.4 0-0.5-0.3t0-0.6l4.5-8q0 0 0 0l-2.9-5q-0.2-0.4 0-0.7 0.2-0.3 0.5-0.3h4.3q0.7 0 1.2 0.8zM25.1 0.4q0.2 0.3 0 0.7l-9.4 16.7 6 11q0.2 0.4 0 0.6-0.2 0.3-0.6 0.3h-4.3q-0.7 0-1.2-0.8l-6-11.1q0.3-0.6 9.5-16.8 0.4-0.8 1.2-0.8h4.3q0.4 0 0.5 0.3z\"\/><\/svg><\/span><\/a><\/li><li class=\"shariff-button twitter shariff-nocustomcolor\" style=\"background-color:#595959;border-radius:43%\"><a href=\"https:\/\/twitter.com\/share?url=https%3A%2F%2Fwww.sw-stein.de%2Fsw%2Fdr-stefan-wagner%2Flehrportfolio%2F&text=Lehrportfolio\" title=\"Bei X teilen\" aria-label=\"Bei X teilen\" role=\"button\" rel=\"noopener nofollow\" class=\"shariff-link\" style=\";border-radius:43%; background-color:#000; color:#fff\" target=\"_blank\"><span class=\"shariff-icon\" style=\"\"><svg width=\"32px\" height=\"20px\" xmlns=\"http:\/\/www.w3.org\/2000\/svg\" viewBox=\"0 0 24 24\"><path fill=\"#000\" d=\"M14.258 10.152L23.176 0h-2.113l-7.747 8.813L7.133 0H0l9.352 13.328L0 23.973h2.113l8.176-9.309 6.531 9.309h7.133zm-2.895 3.293l-.949-1.328L2.875 1.56h3.246l6.086 8.523.945 1.328 7.91 11.078h-3.246zm0 0\"\/><\/svg><\/span><\/a><\/li><\/ul><\/div>\n<div class=\"wp-block-buttons is-content-justification-center is-layout-flex wp-container-core-buttons-is-layout-16018d1d wp-block-buttons-is-layout-flex\">\n<div class=\"wp-block-button\"><a class=\"wp-block-button__link wp-element-button\" href=\"https:\/\/www.sw-stein.de\/sw\/hochschullehre\/\">Meine hochschuldidaktischen und medizindidaktischen Zusatzqualifikationen<\/a><\/div>\n<\/div>\n\n\n\n<hr class=\"wp-block-separator has-alpha-channel-opacity\"\/>\n\n\n<div class=\"wp-block-image\">\n<figure class=\"aligncenter size-large\"><img loading=\"lazy\" decoding=\"async\" width=\"700\" height=\"911\" src=\"https:\/\/www.sw-stein.de\/sw\/wp-content\/uploads\/2023\/11\/martin-adams-_OZCl4XcpRw-unsplash-700x911.jpg\" alt=\"\" class=\"wp-image-2200\" srcset=\"https:\/\/www.sw-stein.de\/sw\/wp-content\/uploads\/2023\/11\/martin-adams-_OZCl4XcpRw-unsplash-700x911.jpg 700w, https:\/\/www.sw-stein.de\/sw\/wp-content\/uploads\/2023\/11\/martin-adams-_OZCl4XcpRw-unsplash-231x300.jpg 231w, https:\/\/www.sw-stein.de\/sw\/wp-content\/uploads\/2023\/11\/martin-adams-_OZCl4XcpRw-unsplash-768x999.jpg 768w, https:\/\/www.sw-stein.de\/sw\/wp-content\/uploads\/2023\/11\/martin-adams-_OZCl4XcpRw-unsplash-1181x1536.jpg 1181w, https:\/\/www.sw-stein.de\/sw\/wp-content\/uploads\/2023\/11\/martin-adams-_OZCl4XcpRw-unsplash-1574x2048.jpg 1574w, https:\/\/www.sw-stein.de\/sw\/wp-content\/uploads\/2023\/11\/martin-adams-_OZCl4XcpRw-unsplash.jpg 1920w\" sizes=\"auto, (max-width: 700px) 100vw, 700px\" \/><\/figure>\n<\/div>\n\n\n<h2 class=\"wp-block-heading\"><strong>Arbeitsmedizin\/Gesundheitsmanagement, An\u00e4sthesiologie einschlie\u00dflich Notfallmedizin und Medizinische Informatik\/Digital health  <\/strong><\/h2>\n\n\n\n<p>Mein <strong>Lehrportfolio <\/strong>bietet einen umfassenden \u00dcberblick zu:<\/p>\n\n\n\n<ol class=\"wp-block-list\">\n<li><strong>Lehrbiographie<\/strong><\/li>\n\n\n\n<li><strong>Lehrphilosophie<\/strong><\/li>\n\n\n\n<li><strong>Eigene Lehrpraxis<\/strong><\/li>\n\n\n\n<li><strong>Evaluation<\/strong><\/li>\n\n\n\n<li><strong>Weitere Aktivit\u00e4ten in der Lehre<\/strong><\/li>\n\n\n\n<li><strong>Ausblick auf zuk\u00fcnftige Lehrt\u00e4tigkeiten<\/strong><\/li>\n<\/ol>\n\n\n\n<h2 class=\"wp-block-heading\"><strong>Anhang<\/strong><\/h2>\n\n\n\n<ul class=\"wp-block-list\">\n<li>Bisherige Lehrveranstaltungen (tabellarisch unter Angabe von ECTS und SWS)<\/li>\n\n\n\n<li>Erg\u00e4nzende Dokumente<\/li>\n<\/ul>\n\n\n\n<div style=\"height:20px\" aria-hidden=\"true\" class=\"wp-block-spacer\"><\/div>\n\n\n\n<hr class=\"wp-block-separator has-alpha-channel-opacity\"\/>\n\n\n\n<h2 class=\"wp-block-heading\"><strong>Lehrbiographie (pr\u00e4gnante Kurzzusammenfassung)<\/strong><\/h2>\n\n\n\n<p>Meine Lehrerfahrungen erstrecken sich insbesondere auf die Fachgebiete <strong>Medizinische Informatik\/Digital health mit anwendungsorientierter Forschung (Forschendes Lernen)<\/strong>, <strong>Arbeitsmedizin\/<strong>Gesundheitsmanagement<\/strong> <\/strong>und An\u00e4sthesiologie einschlie\u00dflich Notfallmedizin. <\/p>\n\n\n\n<p>Auf dem <strong>Praktikum der Berufsfelderkundung im Gebiet der Arbeitsmedizin<\/strong> lag seit August 2019 bis Oktober 2021 mein Fokus. Des Weiteren f\u00fchre ich seit 2021 regelm\u00e4\u00dfig <strong>F\u00fchrungskr\u00e4fte-Qualifizierungen<\/strong> zu den Themengebieten Sucht, Missbrauch von Alkohol und Drogen sowie psychische Gesundheit und ganzheitliche Gef\u00e4hrdungsbeurteilung durch. <\/p>\n\n\n\n<p>Zus\u00e4tzlich habe ich im Jahr 2022 zwei innovative Workshops zur F\u00f6rderung der <strong><a href=\"https:\/\/www.sw-stein.de\/sw\/betriebliches-gesundheitsmanagement-bgm\/\" data-type=\"page\" data-id=\"1756\">Eigenverantwortung<\/a>, Selbstwirksamkeit\/Ver\u00e4nderungsbereitschaft <\/strong>der Mitarbeitenden f\u00fcr deren eigene Gesundheit im Rahmen der <strong>Betrieblichen Gesundheitsf\u00f6rderung <\/strong>konzipiert und erfolgreich im N\u00fcrnberger Bosch Werk eingef\u00fchrt, umgesetzt und evaluiert.<\/p>\n\n\n\n<p>Seit April 2023 betreute ich die <strong>Praktikumsstelle f\u00fcr Studierende aus den Studieng\u00e4ngen Betriebliches Gesundheitsmanagement, Sport\u00f6konomie, Gesundheits\u00f6konomie und BWL<\/strong> (Vollzeit, jeweils 6 Monate). <\/p>\n\n\n\n<p>Seit WS 2014\/2015 lehrte ich haupts\u00e4chlich im Fachgebiet <strong>An\u00e4sthesiologie<\/strong>, zuletzt bis Ende Juli 2019 am Klinikum F\u00fcrth als Akademischem Lehrkrankenhaus der Friedrich-Alexander-Universit\u00e4t Erlangen-N\u00fcrnberg (FAU) mit Schwerpunkt auf Lehre im klinischen Alltag. <\/p>\n\n\n\n<p>In den Jahren 2015 bis 2017 war ich in der curricularen Lehre des Studiengangs <strong>Humanmedizin <\/strong>in 4 Lehrveranstaltungen des klinischen Studienabschnittes als Dozent an der An\u00e4sthesiologischen Klinik der FAU eingebunden sowie in 4 extracurriculare Fortbildungen f\u00fcr \u00c4rzte, Pflegekr\u00e4fte und die interessierte \u00d6ffentlichkeit. <\/p>\n\n\n\n<p><strong>Vom WS 2016\/2017 bis zum SS 2017 war ich Dozent im Bereich Medizinische Informatik im Rahmen einer interdisziplin\u00e4ren Lehrveranstaltung der Medizinischen und Technischen Fakult\u00e4t f\u00fcr den Studiengang Medizintechnik auf Basis eines eigenen innovativen Lehrkonzeptes.<\/strong> <\/p>\n\n\n\n<p>Bereits im Rahmen meines Medizinstudiums arbeitete ich w\u00e4hrend meines Praktischen Jahres als Tutor f\u00fcr ein <strong>Zwischenfallstraining f\u00fcr \u00c4rzte und Pflegekr\u00e4fte<\/strong> im <strong>Simulations- und Trainingszentrum<\/strong> der An\u00e4sthesiologischen Klinik am Universit\u00e4tsklinikum Erlangen mit. <\/p>\n\n\n\n<p>Meinen Aufgabenbereich habe ich w\u00e4hrend meiner bisherigen Lehrt\u00e4tigkeiten kontinuierlich erweitert (vgl. Liste meiner Lehrveranstaltungen im Anhang).<\/p>\n\n\n\n<hr class=\"wp-block-separator has-alpha-channel-opacity\"\/>\n\n\n\n<h2 class=\"wp-block-heading\"><strong>Weiterf\u00fchrende Details zu meinem Lehrportfolio<\/strong><\/h2>\n\n\n\n<p>Weiterf\u00fchrende Details zu meiner <strong>Lehrbiographie<\/strong>, <strong>Lehrphilosophie <\/strong>und bisherigen <strong>Lehrpraxis <\/strong>k\u00f6nnen Sie gerne individuell bei mir per <a href=\"https:\/\/www.sw-stein.de\/sw\/impressum\/\">E-Mail<\/a> unter Angabe Ihrer Organisation und Kontaktdaten anfragen. <\/p>\n\n\n\n<div style=\"height:30px\" aria-hidden=\"true\" class=\"wp-block-spacer\"><\/div>\n\n\n\n<hr class=\"wp-block-separator has-alpha-channel-opacity\"\/>\n\n\n\n<h2 class=\"wp-block-heading\">Eigenes Lehrkonzept: Forschendes Lernen sowie Scientific Speed Dating <\/h2>\n\n\n<div class=\"wp-block-image\">\n<figure class=\"aligncenter size-full\"><img loading=\"lazy\" decoding=\"async\" width=\"291\" height=\"300\" src=\"https:\/\/www.sw-stein.de\/sw\/wp-content\/uploads\/2020\/01\/Speeddating2-291x300-1.jpg\" alt=\"Scientific Speed Dating (SSD)\" class=\"wp-image-1064\"\/><figcaption class=\"wp-element-caption\">Scientific Speed Dating (SSD)<\/figcaption><\/figure>\n<\/div>\n\n\n<div class=\"wp-block-button\"><a class=\"wp-block-button__link wp-element-button\" href=\"https:\/\/www.sw-stein.de\/sw\/dr-stefan-wagner\/lehrportfolio\/scientific-speed-dating\/\">Mehr \u00fcber Scientific Speed Dating<\/a><\/div>\n\n\n\n<div class=\"wp-block-button\"><a class=\"wp-block-button__link wp-element-button\" href=\"https:\/\/www.sw-stein.de\/sw\/dr-stefan-wagner\/forschendes-lernen\/forschendes-lernen-und-scientific-speed-dating\/\">Mehr \u00fcber Forschendes Lernen in Verbindung mit Scientific Speed Dating<\/a><\/div>\n\n\n\n<hr class=\"wp-block-separator has-alpha-channel-opacity\"\/>\n\n\n\n<div style=\"height:30px\" aria-hidden=\"true\" class=\"wp-block-spacer\"><\/div>\n\n\n\n<p><\/p>\n\n\n\n<p><\/p>\n\n\n\n<p><\/p>\n\n\n\n<p><\/p>\n\n\n\n<p><\/p>\n\n\n\n<p><\/p>\n\n\n\n<p> <\/p>\n\n\n\n<p><\/p>\n\n\n\n\n\n<img loading=\"lazy\" decoding=\"async\" src=\"https:\/\/www.sw-stein.de\/sw\/sws\/sws.php\" alt=\"\" width=\"0\" height=\"0\">\n","protected":false},"excerpt":{"rendered":"<p>Arbeitsmedizin\/Gesundheitsmanagement, An\u00e4sthesiologie einschlie\u00dflich Notfallmedizin und Medizinische Informatik\/Digital health Mein Lehrportfolio bietet einen umfassenden \u00dcberblick zu: Anhang Lehrbiographie (pr\u00e4gnante Kurzzusammenfassung) Meine Lehrerfahrungen erstrecken sich insbesondere auf die Fachgebiete Medizinische Informatik\/Digital health mit anwendungsorientierter Forschung (Forschendes Lernen), Arbeitsmedizin\/Gesundheitsmanagement und An\u00e4sthesiologie einschlie\u00dflich Notfallmedizin. Auf dem Praktikum der Berufsfelderkundung im Gebiet der Arbeitsmedizin lag seit August 2019 bis Oktober 2021 mein Fokus. Des Weiteren f\u00fchre ich seit 2021 regelm\u00e4\u00dfig F\u00fchrungskr\u00e4fte-Qualifizierungen zu den Themengebieten Sucht, Missbrauch von Alkohol und Drogen sowie psychische Gesundheit und ganzheitliche Gef\u00e4hrdungsbeurteilung durch. Zus\u00e4tzlich habe ich im Jahr 2022 zwei innovative Workshops zur F\u00f6rderung der Eigenverantwortung, Selbstwirksamkeit\/Ver\u00e4nderungsbereitschaft der Mitarbeitenden f\u00fcr deren eigene Gesundheit im Rahmen der Betrieblichen Gesundheitsf\u00f6rderung konzipiert und erfolgreich im N\u00fcrnberger Bosch Werk eingef\u00fchrt, umgesetzt und evaluiert. Seit April 2023 betreute ich die Praktikumsstelle f\u00fcr Studierende aus den Studieng\u00e4ngen Betriebliches Gesundheitsmanagement, Sport\u00f6konomie, Gesundheits\u00f6konomie und BWL (Vollzeit, jeweils 6 Monate). Seit WS 2014\/2015 lehrte ich haupts\u00e4chlich im Fachgebiet An\u00e4sthesiologie, zuletzt bis Ende Juli 2019 am Klinikum F\u00fcrth als Akademischem Lehrkrankenhaus der Friedrich-Alexander-Universit\u00e4t Erlangen-N\u00fcrnberg (FAU) mit Schwerpunkt auf Lehre im klinischen Alltag. In den Jahren 2015 bis 2017 war ich in der curricularen Lehre des Studiengangs Humanmedizin in 4 Lehrveranstaltungen des klinischen Studienabschnittes als Dozent an der An\u00e4sthesiologischen Klinik der FAU eingebunden sowie in 4 extracurriculare Fortbildungen f\u00fcr \u00c4rzte, Pflegekr\u00e4fte und die interessierte \u00d6ffentlichkeit. Vom WS 2016\/2017 bis zum SS 2017 war ich Dozent im Bereich Medizinische Informatik im Rahmen einer interdisziplin\u00e4ren Lehrveranstaltung der Medizinischen und Technischen Fakult\u00e4t f\u00fcr den Studiengang Medizintechnik auf Basis eines eigenen innovativen Lehrkonzeptes. Bereits im Rahmen &hellip;<\/p>\n","protected":false},"author":2,"featured_media":0,"parent":142,"menu_order":0,"comment_status":"closed","ping_status":"closed","template":"","meta":{"_metis_text_type":"standard","_metis_text_length":3364,"_post_count":0,"footnotes":""},"class_list":["post-265","page","type-page","status-publish","hentry"],"public_identification_id":"4682bc11402d4c25ab083d6b42d95821","private_identification_id":"07d90ff94bf949cc90cf1a423b331556","_links":{"self":[{"href":"https:\/\/www.sw-stein.de\/sw\/wp-json\/wp\/v2\/pages\/265","targetHints":{"allow":["GET"]}}],"collection":[{"href":"https:\/\/www.sw-stein.de\/sw\/wp-json\/wp\/v2\/pages"}],"about":[{"href":"https:\/\/www.sw-stein.de\/sw\/wp-json\/wp\/v2\/types\/page"}],"author":[{"embeddable":true,"href":"https:\/\/www.sw-stein.de\/sw\/wp-json\/wp\/v2\/users\/2"}],"replies":[{"embeddable":true,"href":"https:\/\/www.sw-stein.de\/sw\/wp-json\/wp\/v2\/comments?post=265"}],"version-history":[{"count":23,"href":"https:\/\/www.sw-stein.de\/sw\/wp-json\/wp\/v2\/pages\/265\/revisions"}],"predecessor-version":[{"id":2434,"href":"https:\/\/www.sw-stein.de\/sw\/wp-json\/wp\/v2\/pages\/265\/revisions\/2434"}],"up":[{"embeddable":true,"href":"https:\/\/www.sw-stein.de\/sw\/wp-json\/wp\/v2\/pages\/142"}],"wp:attachment":[{"href":"https:\/\/www.sw-stein.de\/sw\/wp-json\/wp\/v2\/media?parent=265"}],"curies":[{"name":"wp","href":"https:\/\/api.w.org\/{rel}","templated":true}]}}