{"id":1958,"date":"2023-07-30T18:54:50","date_gmt":"2023-07-30T16:54:50","guid":{"rendered":"https:\/\/www.sw-stein.de\/sw\/?page_id=1958"},"modified":"2023-11-01T09:39:00","modified_gmt":"2023-11-01T08:39:00","slug":"balint-gruppearbeitsmedizin","status":"publish","type":"page","link":"https:\/\/www.sw-stein.de\/sw\/balint-gruppearbeitsmedizin\/","title":{"rendered":"Balint-Gruppe@Arbeitsmedizin"},"content":{"rendered":"<div class=\"shariff shariff-align-left shariff-widget-align-left\" style=\"display:none\" data-services=\"facebook\" data-url=\"https:\/\/www.sw-stein.de\/sw\/balint-gruppearbeitsmedizin\/\" data-timestamp=\"1698831540\" data-hidezero=\"1\" data-backendurl=\"https:\/\/www.sw-stein.de\/sw\/wp-json\/shariff\/v1\/share_counts?\"><ul class=\"shariff-buttons theme-round orientation-horizontal buttonsize-large\"><li class=\"shariff-button mailto shariff-nocustomcolor\" style=\"background-color:#a8a8a8;border-radius:43%\"><a href=\"mailto:?body=https%3A%2F%2Fwww.sw-stein.de%2Fsw%2Fbalint-gruppearbeitsmedizin%2F&subject=Balint-Gruppe%40Arbeitsmedizin\" title=\"Per E-Mail versenden\" aria-label=\"Per E-Mail versenden\" role=\"button\" rel=\"noopener nofollow\" class=\"shariff-link\" style=\";border-radius:43%; background-color:#999; color:#fff\"><span class=\"shariff-icon\" style=\"\"><svg width=\"32px\" height=\"20px\" xmlns=\"http:\/\/www.w3.org\/2000\/svg\" viewBox=\"0 0 32 32\"><path fill=\"#999\" d=\"M32 12.7v14.2q0 1.2-0.8 2t-2 0.9h-26.3q-1.2 0-2-0.9t-0.8-2v-14.2q0.8 0.9 1.8 1.6 6.5 4.4 8.9 6.1 1 0.8 1.6 1.2t1.7 0.9 2 0.4h0.1q0.9 0 2-0.4t1.7-0.9 1.6-1.2q3-2.2 8.9-6.1 1-0.7 1.8-1.6zM32 7.4q0 1.4-0.9 2.7t-2.2 2.2q-6.7 4.7-8.4 5.8-0.2 0.1-0.7 0.5t-1 0.7-0.9 0.6-1.1 0.5-0.9 0.2h-0.1q-0.4 0-0.9-0.2t-1.1-0.5-0.9-0.6-1-0.7-0.7-0.5q-1.6-1.1-4.7-3.2t-3.6-2.6q-1.1-0.7-2.1-2t-1-2.5q0-1.4 0.7-2.3t2.1-0.9h26.3q1.2 0 2 0.8t0.9 2z\"\/><\/svg><\/span><\/a><\/li><li class=\"shariff-button printer shariff-nocustomcolor\" style=\"background-color:#a8a8a8;border-radius:43%\"><a href=\"javascript:window.print()\" title=\"drucken\" aria-label=\"drucken\" role=\"button\" rel=\"noopener nofollow\" class=\"shariff-link\" style=\";border-radius:43%; background-color:#999; color:#fff\"><span class=\"shariff-icon\" style=\"\"><svg width=\"32px\" height=\"20px\" xmlns=\"http:\/\/www.w3.org\/2000\/svg\" viewBox=\"0 0 30 32\"><path fill=\"#999\" d=\"M6.8 27.4h16v-4.6h-16v4.6zM6.8 16h16v-6.8h-2.8q-0.7 0-1.2-0.5t-0.5-1.2v-2.8h-11.4v11.4zM27.4 17.2q0-0.5-0.3-0.8t-0.8-0.4-0.8 0.4-0.3 0.8 0.3 0.8 0.8 0.3 0.8-0.3 0.3-0.8zM29.7 17.2v7.4q0 0.2-0.2 0.4t-0.4 0.2h-4v2.8q0 0.7-0.5 1.2t-1.2 0.5h-17.2q-0.7 0-1.2-0.5t-0.5-1.2v-2.8h-4q-0.2 0-0.4-0.2t-0.2-0.4v-7.4q0-1.4 1-2.4t2.4-1h1.2v-9.7q0-0.7 0.5-1.2t1.2-0.5h12q0.7 0 1.6 0.4t1.3 0.8l2.7 2.7q0.5 0.5 0.9 1.4t0.4 1.6v4.6h1.1q1.4 0 2.4 1t1 2.4z\"\/><\/svg><\/span><\/a><\/li><li class=\"shariff-button telegram shariff-nocustomcolor\" style=\"background-color:#4084A6;border-radius:43%\"><a href=\"https:\/\/telegram.me\/share\/url?url=https%3A%2F%2Fwww.sw-stein.de%2Fsw%2Fbalint-gruppearbeitsmedizin%2F&text=Balint-Gruppe%40Arbeitsmedizin\" title=\"Bei Telegram teilen\" aria-label=\"Bei Telegram teilen\" role=\"button\" rel=\"noopener nofollow\" class=\"shariff-link\" style=\";border-radius:43%; background-color:#0088cc; color:#fff\" target=\"_blank\"><span class=\"shariff-icon\" style=\"\"><svg width=\"32px\" height=\"20px\" xmlns=\"http:\/\/www.w3.org\/2000\/svg\" viewBox=\"0 0 32 32\"><path fill=\"#0088cc\" d=\"M30.8 6.5l-4.5 21.4c-.3 1.5-1.2 1.9-2.5 1.2L16.9 24l-3.3 3.2c-.4.4-.7.7-1.4.7l.5-7L25.5 9.2c.6-.5-.1-.8-.9-.3l-15.8 10L2 16.7c-1.5-.5-1.5-1.5.3-2.2L28.9 4.3c1.3-.5 2.3.3 1.9 2.2z\"\/><\/svg><\/span><\/a><\/li><li class=\"shariff-button whatsapp shariff-nocustomcolor shariff-mobile\" style=\"background-color:#5cbe4a;border-radius:43%\"><a href=\"https:\/\/api.whatsapp.com\/send?text=https%3A%2F%2Fwww.sw-stein.de%2Fsw%2Fbalint-gruppearbeitsmedizin%2F%20Balint-Gruppe%40Arbeitsmedizin\" title=\"Bei Whatsapp teilen\" aria-label=\"Bei Whatsapp teilen\" role=\"button\" rel=\"noopener nofollow\" class=\"shariff-link\" style=\";border-radius:43%; background-color:#34af23; color:#fff\" target=\"_blank\"><span class=\"shariff-icon\" style=\"\"><svg width=\"32px\" height=\"20px\" xmlns=\"http:\/\/www.w3.org\/2000\/svg\" viewBox=\"0 0 32 32\"><path fill=\"#34af23\" d=\"M17.6 17.4q0.2 0 1.7 0.8t1.6 0.9q0 0.1 0 0.3 0 0.6-0.3 1.4-0.3 0.7-1.3 1.2t-1.8 0.5q-1 0-3.4-1.1-1.7-0.8-3-2.1t-2.6-3.3q-1.3-1.9-1.3-3.5v-0.1q0.1-1.6 1.3-2.8 0.4-0.4 0.9-0.4 0.1 0 0.3 0t0.3 0q0.3 0 0.5 0.1t0.3 0.5q0.1 0.4 0.6 1.6t0.4 1.3q0 0.4-0.6 1t-0.6 0.8q0 0.1 0.1 0.3 0.6 1.3 1.8 2.4 1 0.9 2.7 1.8 0.2 0.1 0.4 0.1 0.3 0 1-0.9t0.9-0.9zM14 26.9q2.3 0 4.3-0.9t3.6-2.4 2.4-3.6 0.9-4.3-0.9-4.3-2.4-3.6-3.6-2.4-4.3-0.9-4.3 0.9-3.6 2.4-2.4 3.6-0.9 4.3q0 3.6 2.1 6.6l-1.4 4.2 4.3-1.4q2.8 1.9 6.2 1.9zM14 2.2q2.7 0 5.2 1.1t4.3 2.9 2.9 4.3 1.1 5.2-1.1 5.2-2.9 4.3-4.3 2.9-5.2 1.1q-3.5 0-6.5-1.7l-7.4 2.4 2.4-7.2q-1.9-3.2-1.9-6.9 0-2.7 1.1-5.2t2.9-4.3 4.3-2.9 5.2-1.1z\"\/><\/svg><\/span><\/a><\/li><li class=\"shariff-button threema shariff-nocustomcolor shariff-mobile\" style=\"background-color:#4fbc24;border-radius:43%\"><a href=\"threema:\/\/compose?text=Balint-Gruppe%40Arbeitsmedizin%20https%3A%2F%2Fwww.sw-stein.de%2Fsw%2Fbalint-gruppearbeitsmedizin%2F\" title=\"Bei Threema teilen\" aria-label=\"Bei Threema teilen\" role=\"button\" rel=\"noopener nofollow\" class=\"shariff-link\" style=\";border-radius:43%; background-color:#1f1f1f; color:#fff\" target=\"_blank\"><span class=\"shariff-icon\" style=\"\"><svg width=\"32px\" height=\"20px\" xmlns=\"http:\/\/www.w3.org\/2000\/svg\" viewBox=\"0 0 32 32\"><path fill=\"#1f1f1f\" d=\"M30.8 10.9c-0.3-1.4-0.9-2.6-1.8-3.8-2-2.6-5.5-4.5-9.4-5.2-1.3-0.2-1.9-0.3-3.5-0.3s-2.2 0-3.5 0.3c-4 0.7-7.4 2.6-9.4 5.2-0.9 1.2-1.5 2.4-1.8 3.8-0.1 0.5-0.2 1.2-0.2 1.6 0 0.4 0.1 1.1 0.2 1.6 0.4 1.9 1.3 3.4 2.9 5 0.8 0.8 0.8 0.8 0.7 1.3 0 0.6-0.5 1.6-1.7 3.6-0.3 0.5-0.5 0.9-0.5 0.9 0 0.1 0.1 0.1 0.5 0 0.8-0.2 2.3-0.6 5.6-1.6 1.1-0.3 1.3-0.4 2.3-0.4 0.8 0 1.1 0 2.3 0.2 1.5 0.2 3.5 0.2 4.9 0 5.1-0.6 9.3-2.9 11.4-6.3 0.5-0.9 0.9-1.8 1.1-2.8 0.1-0.5 0.2-1.1 0.2-1.6 0-0.7-0.1-1.1-0.2-1.6-0.3-1.4 0.1 0.5 0 0zM20.6 17.3c0 0.4-0.4 0.8-0.8 0.8h-7.7c-0.4 0-0.8-0.4-0.8-0.8v-4.6c0-0.4 0.4-0.8 0.8-0.8h0.2l0-1.6c0-0.9 0-1.8 0.1-2 0.1-0.6 0.6-1.2 1.1-1.7s1.1-0.7 1.9-0.8c1.8-0.3 3.7 0.7 4.2 2.2 0.1 0.3 0.1 0.7 0.1 2.1v0 1.7h0.1c0.4 0 0.8 0.4 0.8 0.8v4.6zM15.6 7.3c-0.5 0.1-0.8 0.3-1.2 0.6s-0.6 0.8-0.7 1.3c0 0.2 0 0.8 0 1.5l0 1.2h4.6v-1.3c0-1 0-1.4-0.1-1.6-0.3-1.1-1.5-1.9-2.6-1.7zM25.8 28.2c0 1.2-1 2.2-2.1 2.2s-2.1-1-2.1-2.1c0-1.2 1-2.1 2.2-2.1s2.2 1 2.2 2.2zM18.1 28.2c0 1.2-1 2.2-2.1 2.2s-2.1-1-2.1-2.1c0-1.2 1-2.1 2.2-2.1s2.2 1 2.2 2.2zM10.4 28.2c0 1.2-1 2.2-2.1 2.2s-2.1-1-2.1-2.1c0-1.2 1-2.1 2.2-2.1s2.2 1 2.2 2.2z\"\/><\/svg><\/span><\/a><\/li><li class=\"shariff-button sms shariff-nocustomcolor shariff-mobile\" style=\"background-color:#d7d9d8;border-radius:43%\"><a href=\"sms:?&body=https%3A%2F%2Fwww.sw-stein.de%2Fsw%2Fbalint-gruppearbeitsmedizin%2F\" title=\"Per SMS teilen\" aria-label=\"Per SMS teilen\" role=\"button\" rel=\"noopener nofollow\" class=\"shariff-link\" style=\";border-radius:43%; background-color:#a1e877; color:#fff\" target=\"_blank\"><span class=\"shariff-icon\" style=\"\"><svg xmlns=\"http:\/\/www.w3.org\/2000\/svg\" width=\"510\" height=\"510\" viewBox=\"0 0 510 510\"><path fill=\"#a1e877\" d=\"M459 0H51C23 0 0 23 0 51v459l102-102h357c28.1 0 51-22.9 51-51V51C510 23 487.1 0 459 0zM178.5 229.5h-51v-51h51V229.5zM280.5 229.5h-51v-51h51V229.5zM382.5 229.5h-51v-51h51V229.5z\"\/><\/svg><\/span><\/a><\/li><li class=\"shariff-button rss shariff-nocustomcolor\" style=\"background-color:#ff8c00;border-radius:43%\"><a href=\"https:\/\/www.sw-stein.de\/sw\/feed\/rss\/\" title=\"RSS-feed\" aria-label=\"RSS-feed\" role=\"button\" class=\"shariff-link\" style=\";border-radius:43%; background-color:#fe9312; color:#fff\" target=\"_blank\"><span class=\"shariff-icon\" style=\"\"><svg width=\"32px\" height=\"20px\" xmlns=\"http:\/\/www.w3.org\/2000\/svg\" viewBox=\"0 0 32 32\"><path fill=\"#fe9312\" d=\"M4.3 23.5c-2.3 0-4.3 1.9-4.3 4.3 0 2.3 1.9 4.2 4.3 4.2 2.4 0 4.3-1.9 4.3-4.2 0-2.3-1.9-4.3-4.3-4.3zM0 10.9v6.1c4 0 7.7 1.6 10.6 4.4 2.8 2.8 4.4 6.6 4.4 10.6h6.2c0-11.7-9.5-21.1-21.1-21.1zM0 0v6.1c14.2 0 25.8 11.6 25.8 25.9h6.2c0-17.6-14.4-32-32-32z\"\/><\/svg><\/span><\/a><\/li><li class=\"shariff-button pocket shariff-nocustomcolor\" style=\"background-color:#444;border-radius:43%\"><a href=\"https:\/\/getpocket.com\/save?url=https%3A%2F%2Fwww.sw-stein.de%2Fsw%2Fbalint-gruppearbeitsmedizin%2F&title=Balint-Gruppe%40Arbeitsmedizin\" title=\"Bei Pocket speichern\" aria-label=\"Bei Pocket speichern\" role=\"button\" rel=\"noopener nofollow\" class=\"shariff-link\" style=\";border-radius:43%; background-color:#ff0000; color:#fff\" target=\"_blank\"><span class=\"shariff-icon\" style=\"\"><svg width=\"32px\" height=\"20px\" xmlns=\"http:\/\/www.w3.org\/2000\/svg\" viewBox=\"0 0 27 28\"><path fill=\"#ff0000\" d=\"M24.5 2q1 0 1.7 0.7t0.7 1.7v8.1q0 2.8-1.1 5.3t-2.9 4.3-4.3 2.9-5.2 1.1q-2.7 0-5.2-1.1t-4.3-2.9-2.9-4.3-1.1-5.2v-8.1q0-1 0.7-1.7t1.7-0.7h22zM13.5 18.6q0.7 0 1.3-0.5l6.3-6.1q0.6-0.5 0.6-1.3 0-0.8-0.5-1.3t-1.3-0.5q-0.7 0-1.3 0.5l-5 4.8-5-4.8q-0.5-0.5-1.3-0.5-0.8 0-1.3 0.5t-0.5 1.3q0 0.8 0.6 1.3l6.3 6.1q0.5 0.5 1.3 0.5z\"\/><\/svg><\/span><\/a><\/li><li class=\"shariff-button facebook shariff-nocustomcolor\" style=\"background-color:#4273c8;border-radius:43%\"><a href=\"https:\/\/www.facebook.com\/sharer\/sharer.php?u=https%3A%2F%2Fwww.sw-stein.de%2Fsw%2Fbalint-gruppearbeitsmedizin%2F\" title=\"Bei Facebook teilen\" aria-label=\"Bei Facebook teilen\" role=\"button\" rel=\"nofollow\" class=\"shariff-link\" style=\";border-radius:43%; background-color:#3b5998; color:#fff\" target=\"_blank\"><span class=\"shariff-icon\" style=\"\"><svg width=\"32px\" height=\"20px\" xmlns=\"http:\/\/www.w3.org\/2000\/svg\" viewBox=\"0 0 18 32\"><path fill=\"#3b5998\" d=\"M17.1 0.2v4.7h-2.8q-1.5 0-2.1 0.6t-0.5 1.9v3.4h5.2l-0.7 5.3h-4.5v13.6h-5.5v-13.6h-4.5v-5.3h4.5v-3.9q0-3.3 1.9-5.2t5-1.8q2.6 0 4.1 0.2z\"\/><\/svg><\/span><\/a><\/li><li class=\"shariff-button linkedin shariff-nocustomcolor\" style=\"background-color:#1488bf;border-radius:43%\"><a href=\"https:\/\/www.linkedin.com\/sharing\/share-offsite\/?url=https%3A%2F%2Fwww.sw-stein.de%2Fsw%2Fbalint-gruppearbeitsmedizin%2F\" title=\"Bei LinkedIn teilen\" aria-label=\"Bei LinkedIn teilen\" role=\"button\" rel=\"noopener nofollow\" class=\"shariff-link\" style=\";border-radius:43%; background-color:#0077b5; color:#fff\" target=\"_blank\"><span class=\"shariff-icon\" style=\"\"><svg width=\"32px\" height=\"20px\" xmlns=\"http:\/\/www.w3.org\/2000\/svg\" viewBox=\"0 0 27 32\"><path fill=\"#0077b5\" d=\"M6.2 11.2v17.7h-5.9v-17.7h5.9zM6.6 5.7q0 1.3-0.9 2.2t-2.4 0.9h0q-1.5 0-2.4-0.9t-0.9-2.2 0.9-2.2 2.4-0.9 2.4 0.9 0.9 2.2zM27.4 18.7v10.1h-5.9v-9.5q0-1.9-0.7-2.9t-2.3-1.1q-1.1 0-1.9 0.6t-1.2 1.5q-0.2 0.5-0.2 1.4v9.9h-5.9q0-7.1 0-11.6t0-5.3l0-0.9h5.9v2.6h0q0.4-0.6 0.7-1t1-0.9 1.6-0.8 2-0.3q3 0 4.9 2t1.9 6z\"\/><\/svg><\/span><\/a><\/li><li class=\"shariff-button xing shariff-nocustomcolor\" style=\"background-color:#29888a;border-radius:43%\"><a href=\"https:\/\/www.xing.com\/spi\/shares\/new?url=https%3A%2F%2Fwww.sw-stein.de%2Fsw%2Fbalint-gruppearbeitsmedizin%2F\" title=\"Bei XING teilen\" aria-label=\"Bei XING teilen\" role=\"button\" rel=\"noopener nofollow\" class=\"shariff-link\" style=\";border-radius:43%; background-color:#126567; color:#fff\" target=\"_blank\"><span class=\"shariff-icon\" style=\"\"><svg width=\"32px\" height=\"20px\" xmlns=\"http:\/\/www.w3.org\/2000\/svg\" viewBox=\"0 0 25 32\"><path fill=\"#126567\" d=\"M10.7 11.9q-0.2 0.3-4.6 8.2-0.5 0.8-1.2 0.8h-4.3q-0.4 0-0.5-0.3t0-0.6l4.5-8q0 0 0 0l-2.9-5q-0.2-0.4 0-0.7 0.2-0.3 0.5-0.3h4.3q0.7 0 1.2 0.8zM25.1 0.4q0.2 0.3 0 0.7l-9.4 16.7 6 11q0.2 0.4 0 0.6-0.2 0.3-0.6 0.3h-4.3q-0.7 0-1.2-0.8l-6-11.1q0.3-0.6 9.5-16.8 0.4-0.8 1.2-0.8h4.3q0.4 0 0.5 0.3z\"\/><\/svg><\/span><\/a><\/li><li class=\"shariff-button twitter shariff-nocustomcolor\" style=\"background-color:#595959;border-radius:43%\"><a href=\"https:\/\/twitter.com\/share?url=https%3A%2F%2Fwww.sw-stein.de%2Fsw%2Fbalint-gruppearbeitsmedizin%2F&text=Balint-Gruppe%40Arbeitsmedizin\" title=\"Bei X teilen\" aria-label=\"Bei X teilen\" role=\"button\" rel=\"noopener nofollow\" class=\"shariff-link\" style=\";border-radius:43%; background-color:#000; color:#fff\" target=\"_blank\"><span class=\"shariff-icon\" style=\"\"><svg width=\"32px\" height=\"20px\" xmlns=\"http:\/\/www.w3.org\/2000\/svg\" viewBox=\"0 0 24 24\"><path fill=\"#000\" d=\"M14.258 10.152L23.176 0h-2.113l-7.747 8.813L7.133 0H0l9.352 13.328L0 23.973h2.113l8.176-9.309 6.531 9.309h7.133zm-2.895 3.293l-.949-1.328L2.875 1.56h3.246l6.086 8.523.945 1.328 7.91 11.078h-3.246zm0 0\"\/><\/svg><\/span><\/a><\/li><\/ul><\/div><div class=\"wp-block-image\">\n<figure class=\"aligncenter size-large\"><img loading=\"lazy\" decoding=\"async\" width=\"700\" height=\"467\" src=\"https:\/\/www.sw-stein.de\/sw\/wp-content\/uploads\/2023\/11\/austin-chan-ukzHlkoz1IE-unsplash-700x467.jpg\" alt=\"\" class=\"wp-image-2158\" srcset=\"https:\/\/www.sw-stein.de\/sw\/wp-content\/uploads\/2023\/11\/austin-chan-ukzHlkoz1IE-unsplash-700x467.jpg 700w, https:\/\/www.sw-stein.de\/sw\/wp-content\/uploads\/2023\/11\/austin-chan-ukzHlkoz1IE-unsplash-300x200.jpg 300w, https:\/\/www.sw-stein.de\/sw\/wp-content\/uploads\/2023\/11\/austin-chan-ukzHlkoz1IE-unsplash-768x512.jpg 768w, https:\/\/www.sw-stein.de\/sw\/wp-content\/uploads\/2023\/11\/austin-chan-ukzHlkoz1IE-unsplash-1536x1024.jpg 1536w, https:\/\/www.sw-stein.de\/sw\/wp-content\/uploads\/2023\/11\/austin-chan-ukzHlkoz1IE-unsplash-2048x1365.jpg 2048w, https:\/\/www.sw-stein.de\/sw\/wp-content\/uploads\/2023\/11\/austin-chan-ukzHlkoz1IE-unsplash-120x80.jpg 120w\" sizes=\"auto, (max-width: 700px) 100vw, 700px\" \/><\/figure>\n<\/div>\n\n\n<h2 class=\"wp-block-heading\">Was ist eine Balint-Gruppe allgemein?<\/h2>\n\n\n\n<p>Eine <strong>Balint-Gruppe<\/strong> ist eine spezielle Form von Gruppenarbeit, die urspr\u00fcnglich f\u00fcr \u00c4rzte entwickelt wurde, aber auch f\u00fcr andere Berufsgruppen wie Psychologen, Sozialarbeiter und Betriebs\u00e4rzte von Nutzen sein kann. Der Name &#8222;Balint&#8220; stammt von dem ungarischen Psychoanalytiker Michael Balint, der diese Gruppenmethode in den 1950er Jahren entwickelte.<\/p>\n\n\n\n<p>Eine <strong>Balint-Gruppe<\/strong> besteht typischerweise aus einer kleinen Gruppe von Fachleuten, die regelm\u00e4\u00dfig zusammenkommen, um \u00fcber ihre Arbeit mit Patienten oder Klienten zu sprechen. Der Fokus liegt dabei weniger auf der rein fachlichen Beratung, sondern vielmehr auf dem Austausch \u00fcber die emotionalen und pers\u00f6nlichen Aspekte der Arbeit. In der Gruppe haben die Teilnehmer die M\u00f6glichkeit, Fallbeispiele, Erfahrungen und Schwierigkeiten aus ihrer beruflichen Praxis zu teilen.<\/p>\n\n\n\n<h2 class=\"wp-block-heading\">Welchen Nutzen bietet die Teilnahme an einer Balint-Gruppe?<\/h2>\n\n\n\n<p>Die <strong>Gruppendynamik <\/strong>und der <strong>Austausch \u00fcber emotionale Herausforderungen<\/strong> bieten den Teilnehmern mehrere Vorteile:<\/p>\n\n\n\n<ol class=\"wp-block-list\">\n<li><strong>Reflexion <\/strong>und <strong>Selbstreflexion<\/strong>: Die Teilnehmer k\u00f6nnen ihre eigenen Reaktionen auf schwierige oder belastende Situationen reflektieren. Dies erm\u00f6glicht eine bessere Selbstwahrnehmung und ein tieferes Verst\u00e4ndnis f\u00fcr das eigene Verhalten und die emotionalen Reaktionen im beruflichen Kontext.<\/li>\n\n\n\n<li><strong>Verbessertes Verst\u00e4ndnis der Patienten oder Klienten<\/strong>: Durch den gemeinsamen Austausch \u00fcber F\u00e4lle k\u00f6nnen die Teilnehmer verschiedene Perspektiven und Herangehensweisen kennenlernen. Dies f\u00fchrt zu einem besseren Verst\u00e4ndnis der Patienten oder Klienten und erm\u00f6glicht m\u00f6glicherweise neue L\u00f6sungsans\u00e4tze.<\/li>\n\n\n\n<li><strong>Reduzierung von Berufsstress<\/strong>: Die M\u00f6glichkeit, sich in einer unterst\u00fctzenden Umgebung auszutauschen, kann den Stress und das Burnout-Risiko reduzieren, da die Teilnehmer ihre beruflichen Herausforderungen teilen und entladen k\u00f6nnen.<\/li>\n\n\n\n<li><strong>St\u00e4rkung der Beziehung zu Patienten\/Klienten<\/strong>: Indem die Teilnehmer ihre Emotionen und Gedanken im Zusammenhang mit ihrer Arbeit reflektieren, k\u00f6nnen sie auch ihre Beziehung zu ihren Patienten oder Klienten verbessern.<\/li>\n<\/ol>\n\n\n\n<h2 class=\"wp-block-heading\">Warum lohnt sich eine Balint-Gruppe auch f\u00fcr Betriebs\u00e4rzte?<\/h2>\n\n\n\n<p>Betriebs\u00e4rzte stehen oft vor besonderen Herausforderungen in ihrem Arbeitsumfeld. Sie m\u00fcssen nicht nur medizinisch kompetent sein, sondern auch mit den spezifischen Arbeitsbedingungen und gesundheitlichen Belastungen in einem Unternehmen vertraut sein. <\/p>\n\n\n\n<p>Die Teilnahme an einer Balint-Gruppe kann f\u00fcr Betriebs\u00e4rzte aus mehreren Gr\u00fcnden lohnenswert sein:<\/p>\n\n\n\n<ol class=\"wp-block-list\">\n<li><strong>Umgang mit komplexen F\u00e4llen<\/strong>: Betriebs\u00e4rzte werden oft mit komplexen medizinischen F\u00e4llen konfrontiert, die nicht immer eindeutige L\u00f6sungen haben. Durch den Austausch in der Gruppe k\u00f6nnen sie verschiedene Perspektiven einholen und ihre Entscheidungsfindung verbessern.<\/li>\n\n\n\n<li><strong>Stressbew\u00e4ltigung<\/strong>: Der Beruf des Betriebsarztes kann stressig\/herausfordernd sein, insbesondere wenn es darum geht, die Gesundheit und Sicherheit der Mitarbeiter zu gew\u00e4hrleisten. Die Teilnahme an einer Balint-Gruppe bietet eine M\u00f6glichkeit, Stress abzubauen und emotionale Unterst\u00fctzung zu erhalten.<\/li>\n\n\n\n<li><strong>Verbesserung der Kommunikation<\/strong>: Die Gruppenarbeit f\u00f6rdert die F\u00e4higkeiten in der zwischenmenschlichen Kommunikation. Betriebs\u00e4rzte k\u00f6nnen lernen, effektiver mit Mitarbeitern, Managern und anderen Gesundheitsexperten zu kommunizieren.<\/li>\n\n\n\n<li><strong>Ethische Herausforderungen bew\u00e4ltigen<\/strong>: In Betrieben k\u00f6nnen ethische Fragen auftauchen, z. B. wenn es um die Abw\u00e4gung von Gesundheitsinteressen der Mitarbeiter und betrieblichen Anforderungen geht. Die Gruppendiskussion kann dazu beitragen, ethische Dilemmata zu kl\u00e4ren und angemessene Entscheidungen zu treffen.<\/li>\n<\/ol>\n\n\n\n<p>Insgesamt bietet eine Balint-Gruppe also den Betriebs\u00e4rzten eine wertvolle Plattform, um ihre fachlichen F\u00e4higkeiten zu erweitern, ihre pers\u00f6nliche Entwicklung zu f\u00f6rdern und ihre berufliche Zufriedenheit zu steigern.<\/p>\n\n\n\n<hr class=\"wp-block-separator has-alpha-channel-opacity\"\/>\n\n\n\n<div class=\"wp-block-buttons is-content-justification-center is-layout-flex wp-container-core-buttons-is-layout-16018d1d wp-block-buttons-is-layout-flex\">\n<div class=\"wp-block-button\"><a class=\"wp-block-button__link wp-element-button\" href=\"https:\/\/www.sw-stein.de\/sw\/2023\/10\/psychosomatische-grundversorgung-fuer-arbeits-und-betriebsmediziner\/\">Psychosomatische Grundversorgung f\u00fcr Arbeits- und Betriebsmediziner<\/a><\/div>\n<\/div>\n\n\n\n<img loading=\"lazy\" decoding=\"async\" src=\"https:\/\/www.sw-stein.de\/sw\/sws\/sws.php\" alt=\"\" width=\"0\" height=\"0\">\n","protected":false},"excerpt":{"rendered":"<p>Was ist eine Balint-Gruppe allgemein? Eine Balint-Gruppe ist eine spezielle Form von Gruppenarbeit, die urspr\u00fcnglich f\u00fcr \u00c4rzte entwickelt wurde, aber auch f\u00fcr andere Berufsgruppen wie Psychologen, Sozialarbeiter und Betriebs\u00e4rzte von Nutzen sein kann. Der Name &#8222;Balint&#8220; stammt von dem ungarischen Psychoanalytiker Michael Balint, der diese Gruppenmethode in den 1950er Jahren entwickelte. Eine Balint-Gruppe besteht typischerweise aus einer kleinen Gruppe von Fachleuten, die regelm\u00e4\u00dfig zusammenkommen, um \u00fcber ihre Arbeit mit Patienten oder Klienten zu sprechen. Der Fokus liegt dabei weniger auf der rein fachlichen Beratung, sondern vielmehr auf dem Austausch \u00fcber die emotionalen und pers\u00f6nlichen Aspekte der Arbeit. In der Gruppe haben die Teilnehmer die M\u00f6glichkeit, Fallbeispiele, Erfahrungen und Schwierigkeiten aus ihrer beruflichen Praxis zu teilen. Welchen Nutzen bietet die Teilnahme an einer Balint-Gruppe? Die Gruppendynamik und der Austausch \u00fcber emotionale Herausforderungen bieten den Teilnehmern mehrere Vorteile: Warum lohnt sich eine Balint-Gruppe auch f\u00fcr Betriebs\u00e4rzte? Betriebs\u00e4rzte stehen oft vor besonderen Herausforderungen in ihrem Arbeitsumfeld. Sie m\u00fcssen nicht nur medizinisch kompetent sein, sondern auch mit den spezifischen Arbeitsbedingungen und gesundheitlichen Belastungen in einem Unternehmen vertraut sein. Die Teilnahme an einer Balint-Gruppe kann f\u00fcr Betriebs\u00e4rzte aus mehreren Gr\u00fcnden lohnenswert sein: Insgesamt bietet eine Balint-Gruppe also den Betriebs\u00e4rzten eine wertvolle Plattform, um ihre fachlichen F\u00e4higkeiten zu erweitern, ihre pers\u00f6nliche Entwicklung zu f\u00f6rdern und ihre berufliche Zufriedenheit zu steigern.<\/p>\n","protected":false},"author":2,"featured_media":0,"parent":0,"menu_order":0,"comment_status":"closed","ping_status":"closed","template":"","meta":{"_metis_text_type":"standard","_metis_text_length":3898,"_post_count":0,"footnotes":""},"class_list":["post-1958","page","type-page","status-publish","hentry"],"public_identification_id":"5beea6a048824f16b47da473832247f4","private_identification_id":"e0e308ee098140dd86561c4b78d76c3e","_links":{"self":[{"href":"https:\/\/www.sw-stein.de\/sw\/wp-json\/wp\/v2\/pages\/1958","targetHints":{"allow":["GET"]}}],"collection":[{"href":"https:\/\/www.sw-stein.de\/sw\/wp-json\/wp\/v2\/pages"}],"about":[{"href":"https:\/\/www.sw-stein.de\/sw\/wp-json\/wp\/v2\/types\/page"}],"author":[{"embeddable":true,"href":"https:\/\/www.sw-stein.de\/sw\/wp-json\/wp\/v2\/users\/2"}],"replies":[{"embeddable":true,"href":"https:\/\/www.sw-stein.de\/sw\/wp-json\/wp\/v2\/comments?post=1958"}],"version-history":[{"count":2,"href":"https:\/\/www.sw-stein.de\/sw\/wp-json\/wp\/v2\/pages\/1958\/revisions"}],"predecessor-version":[{"id":2160,"href":"https:\/\/www.sw-stein.de\/sw\/wp-json\/wp\/v2\/pages\/1958\/revisions\/2160"}],"wp:attachment":[{"href":"https:\/\/www.sw-stein.de\/sw\/wp-json\/wp\/v2\/media?parent=1958"}],"curies":[{"name":"wp","href":"https:\/\/api.w.org\/{rel}","templated":true}]}}