{"id":1828,"date":"2023-05-21T14:30:52","date_gmt":"2023-05-21T12:30:52","guid":{"rendered":"https:\/\/www.sw-stein.de\/sw\/?page_id=1828"},"modified":"2024-02-27T09:09:26","modified_gmt":"2024-02-27T08:09:26","slug":"achtsamkeit-mindfulness","status":"publish","type":"page","link":"https:\/\/www.sw-stein.de\/sw\/achtsamkeit-mindfulness\/","title":{"rendered":"Achtsamkeit &#8211; Mindfulness"},"content":{"rendered":"<div class=\"shariff shariff-align-left shariff-widget-align-left\" style=\"display:none\" data-services=\"facebook\" data-url=\"https:\/\/www.sw-stein.de\/sw\/achtsamkeit-mindfulness\/\" data-timestamp=\"1709024966\" data-hidezero=\"1\" data-backendurl=\"https:\/\/www.sw-stein.de\/sw\/wp-json\/shariff\/v1\/share_counts?\"><ul class=\"shariff-buttons theme-round orientation-horizontal buttonsize-large\"><li class=\"shariff-button mailto shariff-nocustomcolor\" style=\"background-color:#a8a8a8;border-radius:43%\"><a href=\"mailto:?body=https%3A%2F%2Fwww.sw-stein.de%2Fsw%2Fachtsamkeit-mindfulness%2F&subject=Achtsamkeit%20%E2%80%93%20Mindfulness\" title=\"Per E-Mail versenden\" aria-label=\"Per E-Mail versenden\" role=\"button\" rel=\"noopener nofollow\" class=\"shariff-link\" style=\";border-radius:43%; background-color:#999; color:#fff\"><span class=\"shariff-icon\" style=\"\"><svg width=\"32px\" height=\"20px\" xmlns=\"http:\/\/www.w3.org\/2000\/svg\" viewBox=\"0 0 32 32\"><path fill=\"#999\" d=\"M32 12.7v14.2q0 1.2-0.8 2t-2 0.9h-26.3q-1.2 0-2-0.9t-0.8-2v-14.2q0.8 0.9 1.8 1.6 6.5 4.4 8.9 6.1 1 0.8 1.6 1.2t1.7 0.9 2 0.4h0.1q0.9 0 2-0.4t1.7-0.9 1.6-1.2q3-2.2 8.9-6.1 1-0.7 1.8-1.6zM32 7.4q0 1.4-0.9 2.7t-2.2 2.2q-6.7 4.7-8.4 5.8-0.2 0.1-0.7 0.5t-1 0.7-0.9 0.6-1.1 0.5-0.9 0.2h-0.1q-0.4 0-0.9-0.2t-1.1-0.5-0.9-0.6-1-0.7-0.7-0.5q-1.6-1.1-4.7-3.2t-3.6-2.6q-1.1-0.7-2.1-2t-1-2.5q0-1.4 0.7-2.3t2.1-0.9h26.3q1.2 0 2 0.8t0.9 2z\"\/><\/svg><\/span><\/a><\/li><li class=\"shariff-button printer shariff-nocustomcolor\" style=\"background-color:#a8a8a8;border-radius:43%\"><a href=\"javascript:window.print()\" title=\"drucken\" aria-label=\"drucken\" role=\"button\" rel=\"noopener nofollow\" class=\"shariff-link\" style=\";border-radius:43%; background-color:#999; color:#fff\"><span class=\"shariff-icon\" style=\"\"><svg width=\"32px\" height=\"20px\" xmlns=\"http:\/\/www.w3.org\/2000\/svg\" viewBox=\"0 0 30 32\"><path fill=\"#999\" d=\"M6.8 27.4h16v-4.6h-16v4.6zM6.8 16h16v-6.8h-2.8q-0.7 0-1.2-0.5t-0.5-1.2v-2.8h-11.4v11.4zM27.4 17.2q0-0.5-0.3-0.8t-0.8-0.4-0.8 0.4-0.3 0.8 0.3 0.8 0.8 0.3 0.8-0.3 0.3-0.8zM29.7 17.2v7.4q0 0.2-0.2 0.4t-0.4 0.2h-4v2.8q0 0.7-0.5 1.2t-1.2 0.5h-17.2q-0.7 0-1.2-0.5t-0.5-1.2v-2.8h-4q-0.2 0-0.4-0.2t-0.2-0.4v-7.4q0-1.4 1-2.4t2.4-1h1.2v-9.7q0-0.7 0.5-1.2t1.2-0.5h12q0.7 0 1.6 0.4t1.3 0.8l2.7 2.7q0.5 0.5 0.9 1.4t0.4 1.6v4.6h1.1q1.4 0 2.4 1t1 2.4z\"\/><\/svg><\/span><\/a><\/li><li class=\"shariff-button telegram shariff-nocustomcolor\" style=\"background-color:#4084A6;border-radius:43%\"><a href=\"https:\/\/telegram.me\/share\/url?url=https%3A%2F%2Fwww.sw-stein.de%2Fsw%2Fachtsamkeit-mindfulness%2F&text=Achtsamkeit%20%E2%80%93%20Mindfulness\" title=\"Bei Telegram teilen\" aria-label=\"Bei Telegram teilen\" role=\"button\" rel=\"noopener nofollow\" class=\"shariff-link\" style=\";border-radius:43%; background-color:#0088cc; color:#fff\" target=\"_blank\"><span class=\"shariff-icon\" style=\"\"><svg width=\"32px\" height=\"20px\" xmlns=\"http:\/\/www.w3.org\/2000\/svg\" viewBox=\"0 0 32 32\"><path fill=\"#0088cc\" d=\"M30.8 6.5l-4.5 21.4c-.3 1.5-1.2 1.9-2.5 1.2L16.9 24l-3.3 3.2c-.4.4-.7.7-1.4.7l.5-7L25.5 9.2c.6-.5-.1-.8-.9-.3l-15.8 10L2 16.7c-1.5-.5-1.5-1.5.3-2.2L28.9 4.3c1.3-.5 2.3.3 1.9 2.2z\"\/><\/svg><\/span><\/a><\/li><li class=\"shariff-button whatsapp shariff-nocustomcolor shariff-mobile\" style=\"background-color:#5cbe4a;border-radius:43%\"><a href=\"https:\/\/api.whatsapp.com\/send?text=https%3A%2F%2Fwww.sw-stein.de%2Fsw%2Fachtsamkeit-mindfulness%2F%20Achtsamkeit%20%E2%80%93%20Mindfulness\" title=\"Bei Whatsapp teilen\" aria-label=\"Bei Whatsapp teilen\" role=\"button\" rel=\"noopener nofollow\" class=\"shariff-link\" style=\";border-radius:43%; background-color:#34af23; color:#fff\" target=\"_blank\"><span class=\"shariff-icon\" style=\"\"><svg width=\"32px\" height=\"20px\" xmlns=\"http:\/\/www.w3.org\/2000\/svg\" viewBox=\"0 0 32 32\"><path fill=\"#34af23\" d=\"M17.6 17.4q0.2 0 1.7 0.8t1.6 0.9q0 0.1 0 0.3 0 0.6-0.3 1.4-0.3 0.7-1.3 1.2t-1.8 0.5q-1 0-3.4-1.1-1.7-0.8-3-2.1t-2.6-3.3q-1.3-1.9-1.3-3.5v-0.1q0.1-1.6 1.3-2.8 0.4-0.4 0.9-0.4 0.1 0 0.3 0t0.3 0q0.3 0 0.5 0.1t0.3 0.5q0.1 0.4 0.6 1.6t0.4 1.3q0 0.4-0.6 1t-0.6 0.8q0 0.1 0.1 0.3 0.6 1.3 1.8 2.4 1 0.9 2.7 1.8 0.2 0.1 0.4 0.1 0.3 0 1-0.9t0.9-0.9zM14 26.9q2.3 0 4.3-0.9t3.6-2.4 2.4-3.6 0.9-4.3-0.9-4.3-2.4-3.6-3.6-2.4-4.3-0.9-4.3 0.9-3.6 2.4-2.4 3.6-0.9 4.3q0 3.6 2.1 6.6l-1.4 4.2 4.3-1.4q2.8 1.9 6.2 1.9zM14 2.2q2.7 0 5.2 1.1t4.3 2.9 2.9 4.3 1.1 5.2-1.1 5.2-2.9 4.3-4.3 2.9-5.2 1.1q-3.5 0-6.5-1.7l-7.4 2.4 2.4-7.2q-1.9-3.2-1.9-6.9 0-2.7 1.1-5.2t2.9-4.3 4.3-2.9 5.2-1.1z\"\/><\/svg><\/span><\/a><\/li><li class=\"shariff-button threema shariff-nocustomcolor shariff-mobile\" style=\"background-color:#4fbc24;border-radius:43%\"><a href=\"threema:\/\/compose?text=Achtsamkeit%20%E2%80%93%20Mindfulness%20https%3A%2F%2Fwww.sw-stein.de%2Fsw%2Fachtsamkeit-mindfulness%2F\" title=\"Bei Threema teilen\" aria-label=\"Bei Threema teilen\" role=\"button\" rel=\"noopener nofollow\" class=\"shariff-link\" style=\";border-radius:43%; background-color:#1f1f1f; color:#fff\" target=\"_blank\"><span class=\"shariff-icon\" style=\"\"><svg width=\"32px\" height=\"20px\" xmlns=\"http:\/\/www.w3.org\/2000\/svg\" viewBox=\"0 0 32 32\"><path fill=\"#1f1f1f\" d=\"M30.8 10.9c-0.3-1.4-0.9-2.6-1.8-3.8-2-2.6-5.5-4.5-9.4-5.2-1.3-0.2-1.9-0.3-3.5-0.3s-2.2 0-3.5 0.3c-4 0.7-7.4 2.6-9.4 5.2-0.9 1.2-1.5 2.4-1.8 3.8-0.1 0.5-0.2 1.2-0.2 1.6 0 0.4 0.1 1.1 0.2 1.6 0.4 1.9 1.3 3.4 2.9 5 0.8 0.8 0.8 0.8 0.7 1.3 0 0.6-0.5 1.6-1.7 3.6-0.3 0.5-0.5 0.9-0.5 0.9 0 0.1 0.1 0.1 0.5 0 0.8-0.2 2.3-0.6 5.6-1.6 1.1-0.3 1.3-0.4 2.3-0.4 0.8 0 1.1 0 2.3 0.2 1.5 0.2 3.5 0.2 4.9 0 5.1-0.6 9.3-2.9 11.4-6.3 0.5-0.9 0.9-1.8 1.1-2.8 0.1-0.5 0.2-1.1 0.2-1.6 0-0.7-0.1-1.1-0.2-1.6-0.3-1.4 0.1 0.5 0 0zM20.6 17.3c0 0.4-0.4 0.8-0.8 0.8h-7.7c-0.4 0-0.8-0.4-0.8-0.8v-4.6c0-0.4 0.4-0.8 0.8-0.8h0.2l0-1.6c0-0.9 0-1.8 0.1-2 0.1-0.6 0.6-1.2 1.1-1.7s1.1-0.7 1.9-0.8c1.8-0.3 3.7 0.7 4.2 2.2 0.1 0.3 0.1 0.7 0.1 2.1v0 1.7h0.1c0.4 0 0.8 0.4 0.8 0.8v4.6zM15.6 7.3c-0.5 0.1-0.8 0.3-1.2 0.6s-0.6 0.8-0.7 1.3c0 0.2 0 0.8 0 1.5l0 1.2h4.6v-1.3c0-1 0-1.4-0.1-1.6-0.3-1.1-1.5-1.9-2.6-1.7zM25.8 28.2c0 1.2-1 2.2-2.1 2.2s-2.1-1-2.1-2.1c0-1.2 1-2.1 2.2-2.1s2.2 1 2.2 2.2zM18.1 28.2c0 1.2-1 2.2-2.1 2.2s-2.1-1-2.1-2.1c0-1.2 1-2.1 2.2-2.1s2.2 1 2.2 2.2zM10.4 28.2c0 1.2-1 2.2-2.1 2.2s-2.1-1-2.1-2.1c0-1.2 1-2.1 2.2-2.1s2.2 1 2.2 2.2z\"\/><\/svg><\/span><\/a><\/li><li class=\"shariff-button sms shariff-nocustomcolor shariff-mobile\" style=\"background-color:#d7d9d8;border-radius:43%\"><a href=\"sms:?&body=https%3A%2F%2Fwww.sw-stein.de%2Fsw%2Fachtsamkeit-mindfulness%2F\" title=\"Per SMS teilen\" aria-label=\"Per SMS teilen\" role=\"button\" rel=\"noopener nofollow\" class=\"shariff-link\" style=\";border-radius:43%; background-color:#a1e877; color:#fff\" target=\"_blank\"><span class=\"shariff-icon\" style=\"\"><svg xmlns=\"http:\/\/www.w3.org\/2000\/svg\" width=\"510\" height=\"510\" viewBox=\"0 0 510 510\"><path fill=\"#a1e877\" d=\"M459 0H51C23 0 0 23 0 51v459l102-102h357c28.1 0 51-22.9 51-51V51C510 23 487.1 0 459 0zM178.5 229.5h-51v-51h51V229.5zM280.5 229.5h-51v-51h51V229.5zM382.5 229.5h-51v-51h51V229.5z\"\/><\/svg><\/span><\/a><\/li><li class=\"shariff-button rss shariff-nocustomcolor\" style=\"background-color:#ff8c00;border-radius:43%\"><a href=\"https:\/\/www.sw-stein.de\/sw\/feed\/rss\/\" title=\"RSS-feed\" aria-label=\"RSS-feed\" role=\"button\" class=\"shariff-link\" style=\";border-radius:43%; background-color:#fe9312; color:#fff\" target=\"_blank\"><span class=\"shariff-icon\" style=\"\"><svg width=\"32px\" height=\"20px\" xmlns=\"http:\/\/www.w3.org\/2000\/svg\" viewBox=\"0 0 32 32\"><path fill=\"#fe9312\" d=\"M4.3 23.5c-2.3 0-4.3 1.9-4.3 4.3 0 2.3 1.9 4.2 4.3 4.2 2.4 0 4.3-1.9 4.3-4.2 0-2.3-1.9-4.3-4.3-4.3zM0 10.9v6.1c4 0 7.7 1.6 10.6 4.4 2.8 2.8 4.4 6.6 4.4 10.6h6.2c0-11.7-9.5-21.1-21.1-21.1zM0 0v6.1c14.2 0 25.8 11.6 25.8 25.9h6.2c0-17.6-14.4-32-32-32z\"\/><\/svg><\/span><\/a><\/li><li class=\"shariff-button pocket shariff-nocustomcolor\" style=\"background-color:#444;border-radius:43%\"><a href=\"https:\/\/getpocket.com\/save?url=https%3A%2F%2Fwww.sw-stein.de%2Fsw%2Fachtsamkeit-mindfulness%2F&title=Achtsamkeit%20%E2%80%93%20Mindfulness\" title=\"Bei Pocket speichern\" aria-label=\"Bei Pocket speichern\" role=\"button\" rel=\"noopener nofollow\" class=\"shariff-link\" style=\";border-radius:43%; background-color:#ff0000; color:#fff\" target=\"_blank\"><span class=\"shariff-icon\" style=\"\"><svg width=\"32px\" height=\"20px\" xmlns=\"http:\/\/www.w3.org\/2000\/svg\" viewBox=\"0 0 27 28\"><path fill=\"#ff0000\" d=\"M24.5 2q1 0 1.7 0.7t0.7 1.7v8.1q0 2.8-1.1 5.3t-2.9 4.3-4.3 2.9-5.2 1.1q-2.7 0-5.2-1.1t-4.3-2.9-2.9-4.3-1.1-5.2v-8.1q0-1 0.7-1.7t1.7-0.7h22zM13.5 18.6q0.7 0 1.3-0.5l6.3-6.1q0.6-0.5 0.6-1.3 0-0.8-0.5-1.3t-1.3-0.5q-0.7 0-1.3 0.5l-5 4.8-5-4.8q-0.5-0.5-1.3-0.5-0.8 0-1.3 0.5t-0.5 1.3q0 0.8 0.6 1.3l6.3 6.1q0.5 0.5 1.3 0.5z\"\/><\/svg><\/span><\/a><\/li><li class=\"shariff-button facebook shariff-nocustomcolor\" style=\"background-color:#4273c8;border-radius:43%\"><a href=\"https:\/\/www.facebook.com\/sharer\/sharer.php?u=https%3A%2F%2Fwww.sw-stein.de%2Fsw%2Fachtsamkeit-mindfulness%2F\" title=\"Bei Facebook teilen\" aria-label=\"Bei Facebook teilen\" role=\"button\" rel=\"nofollow\" class=\"shariff-link\" style=\";border-radius:43%; background-color:#3b5998; color:#fff\" target=\"_blank\"><span class=\"shariff-icon\" style=\"\"><svg width=\"32px\" height=\"20px\" xmlns=\"http:\/\/www.w3.org\/2000\/svg\" viewBox=\"0 0 18 32\"><path fill=\"#3b5998\" d=\"M17.1 0.2v4.7h-2.8q-1.5 0-2.1 0.6t-0.5 1.9v3.4h5.2l-0.7 5.3h-4.5v13.6h-5.5v-13.6h-4.5v-5.3h4.5v-3.9q0-3.3 1.9-5.2t5-1.8q2.6 0 4.1 0.2z\"\/><\/svg><\/span><\/a><\/li><li class=\"shariff-button linkedin shariff-nocustomcolor\" style=\"background-color:#1488bf;border-radius:43%\"><a href=\"https:\/\/www.linkedin.com\/sharing\/share-offsite\/?url=https%3A%2F%2Fwww.sw-stein.de%2Fsw%2Fachtsamkeit-mindfulness%2F\" title=\"Bei LinkedIn teilen\" aria-label=\"Bei LinkedIn teilen\" role=\"button\" rel=\"noopener nofollow\" class=\"shariff-link\" style=\";border-radius:43%; background-color:#0077b5; color:#fff\" target=\"_blank\"><span class=\"shariff-icon\" style=\"\"><svg width=\"32px\" height=\"20px\" xmlns=\"http:\/\/www.w3.org\/2000\/svg\" viewBox=\"0 0 27 32\"><path fill=\"#0077b5\" d=\"M6.2 11.2v17.7h-5.9v-17.7h5.9zM6.6 5.7q0 1.3-0.9 2.2t-2.4 0.9h0q-1.5 0-2.4-0.9t-0.9-2.2 0.9-2.2 2.4-0.9 2.4 0.9 0.9 2.2zM27.4 18.7v10.1h-5.9v-9.5q0-1.9-0.7-2.9t-2.3-1.1q-1.1 0-1.9 0.6t-1.2 1.5q-0.2 0.5-0.2 1.4v9.9h-5.9q0-7.1 0-11.6t0-5.3l0-0.9h5.9v2.6h0q0.4-0.6 0.7-1t1-0.9 1.6-0.8 2-0.3q3 0 4.9 2t1.9 6z\"\/><\/svg><\/span><\/a><\/li><li class=\"shariff-button xing shariff-nocustomcolor\" style=\"background-color:#29888a;border-radius:43%\"><a href=\"https:\/\/www.xing.com\/spi\/shares\/new?url=https%3A%2F%2Fwww.sw-stein.de%2Fsw%2Fachtsamkeit-mindfulness%2F\" title=\"Bei XING teilen\" aria-label=\"Bei XING teilen\" role=\"button\" rel=\"noopener nofollow\" class=\"shariff-link\" style=\";border-radius:43%; background-color:#126567; color:#fff\" target=\"_blank\"><span class=\"shariff-icon\" style=\"\"><svg width=\"32px\" height=\"20px\" xmlns=\"http:\/\/www.w3.org\/2000\/svg\" viewBox=\"0 0 25 32\"><path fill=\"#126567\" d=\"M10.7 11.9q-0.2 0.3-4.6 8.2-0.5 0.8-1.2 0.8h-4.3q-0.4 0-0.5-0.3t0-0.6l4.5-8q0 0 0 0l-2.9-5q-0.2-0.4 0-0.7 0.2-0.3 0.5-0.3h4.3q0.7 0 1.2 0.8zM25.1 0.4q0.2 0.3 0 0.7l-9.4 16.7 6 11q0.2 0.4 0 0.6-0.2 0.3-0.6 0.3h-4.3q-0.7 0-1.2-0.8l-6-11.1q0.3-0.6 9.5-16.8 0.4-0.8 1.2-0.8h4.3q0.4 0 0.5 0.3z\"\/><\/svg><\/span><\/a><\/li><li class=\"shariff-button twitter shariff-nocustomcolor\" style=\"background-color:#595959;border-radius:43%\"><a href=\"https:\/\/twitter.com\/share?url=https%3A%2F%2Fwww.sw-stein.de%2Fsw%2Fachtsamkeit-mindfulness%2F&text=Achtsamkeit%20%E2%80%93%20Mindfulness\" title=\"Bei X teilen\" aria-label=\"Bei X teilen\" role=\"button\" rel=\"noopener nofollow\" class=\"shariff-link\" style=\";border-radius:43%; background-color:#000; color:#fff\" target=\"_blank\"><span class=\"shariff-icon\" style=\"\"><svg width=\"32px\" height=\"20px\" xmlns=\"http:\/\/www.w3.org\/2000\/svg\" viewBox=\"0 0 24 24\"><path fill=\"#000\" d=\"M14.258 10.152L23.176 0h-2.113l-7.747 8.813L7.133 0H0l9.352 13.328L0 23.973h2.113l8.176-9.309 6.531 9.309h7.133zm-2.895 3.293l-.949-1.328L2.875 1.56h3.246l6.086 8.523.945 1.328 7.91 11.078h-3.246zm0 0\"\/><\/svg><\/span><\/a><\/li><\/ul><\/div>\n<p><strong>Achtsamkeit (Mindfulness) <\/strong>ist f\u00fcr mich von zentraler Bedeutung, um in nachfolgenden Bereichen erfolgreich zu sein:<\/p>\n\n\n\n<ul class=\"wp-block-list\">\n<li>Selbstf\u00fchrung (Leading myself)<\/li>\n\n\n\n<li>F\u00fchrung von Mitarbeitenden<\/li>\n\n\n\n<li>Deep work (fokussiertes Arbeiten) und<\/li>\n\n\n\n<li>Mindful collaboration.<\/li>\n<\/ul>\n\n\n\n<blockquote class=\"wp-block-quote is-layout-flow wp-block-quote-is-layout-flow\">\n<hr class=\"wp-block-separator has-css-opacity is-style-default\"\/>\n\n\n\n<blockquote class=\"wp-block-quote has-text-align-center is-style-large is-layout-flow wp-block-quote-is-layout-flow\">\n<p>\u201eGedanken und Gef\u00fchle sind wie Wolken. Sie kommen und gehen. Nimm sie wahr und lass sie vor\u00fcberziehen.\u201c<\/p>\n<\/blockquote>\n\n\n\n<hr class=\"wp-block-separator has-css-opacity is-style-default\"\/>\n<\/blockquote>\n\n\n<div class=\"wp-block-image\">\n<figure class=\"aligncenter size-full\"><img loading=\"lazy\" decoding=\"async\" width=\"1201\" height=\"539\" src=\"https:\/\/www.sw-stein.de\/sw\/wp-content\/uploads\/2023\/05\/wolken.jpg\" alt=\"Wolken\" class=\"wp-image-1891\" srcset=\"https:\/\/www.sw-stein.de\/sw\/wp-content\/uploads\/2023\/05\/wolken.jpg 1201w, https:\/\/www.sw-stein.de\/sw\/wp-content\/uploads\/2023\/05\/wolken-300x135.jpg 300w, https:\/\/www.sw-stein.de\/sw\/wp-content\/uploads\/2023\/05\/wolken-700x314.jpg 700w, https:\/\/www.sw-stein.de\/sw\/wp-content\/uploads\/2023\/05\/wolken-768x345.jpg 768w\" sizes=\"auto, (max-width: 1201px) 100vw, 1201px\" \/><figcaption class=\"wp-element-caption\">Wolken<\/figcaption><\/figure>\n<\/div>\n\n\n<hr class=\"wp-block-separator has-css-opacity is-style-default\"\/>\n\n\n\n<blockquote class=\"wp-block-quote has-text-align-center is-style-large is-layout-flow wp-block-quote-is-layout-flow\">\n<p>\u201eEin Gef\u00fchl des Nichtstunm\u00fcssens, aber Allestunk\u00f6nnens: das Gef\u00fchl hei\u00dft <strong>#Leichtigkeit<\/strong>.\u201c<\/p>\n<\/blockquote>\n\n\n\n<hr class=\"wp-block-separator has-css-opacity is-style-default\"\/>\n\n\n<div class=\"wp-block-image\">\n<figure data-wp-context=\"{&quot;imageId&quot;:&quot;69e5b5ee3a435&quot;}\" data-wp-interactive=\"core\/image\" data-wp-key=\"69e5b5ee3a435\" class=\"aligncenter size-medium wp-lightbox-container\"><img loading=\"lazy\" decoding=\"async\" width=\"205\" height=\"300\" data-wp-class--hide=\"state.isContentHidden\" data-wp-class--show=\"state.isContentVisible\" data-wp-init=\"callbacks.setButtonStyles\" data-wp-on--click=\"actions.showLightbox\" data-wp-on--load=\"callbacks.setButtonStyles\" data-wp-on-window--resize=\"callbacks.setButtonStyles\" src=\"https:\/\/www.sw-stein.de\/sw\/wp-content\/uploads\/2023\/05\/mindance-205x300.jpg\" alt=\"MindTree\" class=\"wp-image-1829\" srcset=\"https:\/\/www.sw-stein.de\/sw\/wp-content\/uploads\/2023\/05\/mindance-205x300.jpg 205w, https:\/\/www.sw-stein.de\/sw\/wp-content\/uploads\/2023\/05\/mindance-700x1022.jpg 700w, https:\/\/www.sw-stein.de\/sw\/wp-content\/uploads\/2023\/05\/mindance-768x1121.jpg 768w, https:\/\/www.sw-stein.de\/sw\/wp-content\/uploads\/2023\/05\/mindance.jpg 885w\" sizes=\"auto, (max-width: 205px) 100vw, 205px\" \/><button\n\t\t\tclass=\"lightbox-trigger\"\n\t\t\ttype=\"button\"\n\t\t\taria-haspopup=\"dialog\"\n\t\t\taria-label=\"Vergr\u00f6\u00dfern\"\n\t\t\tdata-wp-init=\"callbacks.initTriggerButton\"\n\t\t\tdata-wp-on--click=\"actions.showLightbox\"\n\t\t\tdata-wp-style--right=\"state.imageButtonRight\"\n\t\t\tdata-wp-style--top=\"state.imageButtonTop\"\n\t\t>\n\t\t\t<svg xmlns=\"http:\/\/www.w3.org\/2000\/svg\" width=\"12\" height=\"12\" fill=\"none\" viewBox=\"0 0 12 12\">\n\t\t\t\t<path fill=\"#fff\" d=\"M2 0a2 2 0 0 0-2 2v2h1.5V2a.5.5 0 0 1 .5-.5h2V0H2Zm2 10.5H2a.5.5 0 0 1-.5-.5V8H0v2a2 2 0 0 0 2 2h2v-1.5ZM8 12v-1.5h2a.5.5 0 0 0 .5-.5V8H12v2a2 2 0 0 1-2 2H8Zm2-12a2 2 0 0 1 2 2v2h-1.5V2a.5.5 0 0 0-.5-.5H8V0h2Z\" \/>\n\t\t\t<\/svg>\n\t\t<\/button><figcaption class=\"wp-element-caption\">MindTree<\/figcaption><\/figure>\n<\/div>\n\n\n<h2 class=\"wp-block-heading\">Was ist Achtsamkeit?<\/h2>\n\n\n\n<p><strong>Achtsamkeit <\/strong>ist ein Konzept, das aus der buddhistischen Tradition stammt, aber auch in verschiedenen anderen Bereichen wie der Psychologie und dem Stressmanagement Anwendung findet. Im Allgemeinen bezieht sich Achtsamkeit auf das bewusste und nicht wertende Gewahrsein des gegenw\u00e4rtigen Moments.<\/p>\n\n\n\n<p>Achtsamkeit beinhaltet die F\u00e4higkeit, vollst\u00e4ndig <strong>im Hier und Jetzt pr\u00e4sent <\/strong>zu sein, ohne von Gedanken, Sorgen oder Urteilen abgelenkt zu werden. Es geht darum, sich auf die gegenw\u00e4rtige Erfahrung zu konzentrieren, sei es die eigene Atmung, k\u00f6rperliche Empfindungen, Gef\u00fchle oder die Umgebung.<\/p>\n\n\n\n<p>Durch die Praxis der Achtsamkeit k\u00f6nnen Menschen lernen, ihre Gedanken und Emotionen bewusst wahrzunehmen, ohne sich von ihnen \u00fcberw\u00e4ltigen zu lassen. Es geht nicht darum, die Gedanken loszuwerden oder zu ver\u00e4ndern, sondern ihnen mit einer offenen und akzeptierenden Haltung zu begegnen.<\/p>\n\n\n\n<p>Studien haben gezeigt, dass Achtsamkeit verschiedene <strong>Vorteile <\/strong>f\u00fcr das Wohlbefinden und die psychische Gesundheit haben kann. Dazu geh\u00f6ren Stressreduktion, verbesserte Konzentration, emotionale Ausgeglichenheit, erh\u00f6hte Resilienz gegen\u00fcber belastenden Situationen und ein gesteigertes allgemeines Wohlbefinden.<\/p>\n\n\n\n<p>Es gibt verschiedene <strong>Formen der Achtsamkeitspraxis<\/strong>, wie z.B. Meditation, Atem\u00fcbungen und das bewusste Ausf\u00fchren von allt\u00e4glichen Aktivit\u00e4ten. <\/p>\n\n\n\n<p>Durch regelm\u00e4\u00dfiges Training kann Achtsamkeit zu einer wertvollen F\u00e4higkeit werden, um das Leben bewusster und erf\u00fcllter zu gestalten.<\/p>\n\n\n\n<h2 class=\"wp-block-heading\">Welche Vorteile hat Achtsamkeit?<\/h2>\n\n\n\n<p>Achtsamkeit bietet eine Vielzahl von Vorteilen f\u00fcr das pers\u00f6nliche Wohlbefinden und die psychische Gesundheit. Hier sind einige der h\u00e4ufigsten Vorteile:<\/p>\n\n\n\n<ol class=\"wp-block-list\">\n<li><strong>Stressreduktion<\/strong>: Achtsamkeit kann helfen, den Stresslevel zu senken, indem sie uns dabei unterst\u00fctzt, den gegenw\u00e4rtigen Moment bewusst wahrzunehmen und uns von belastenden Gedanken und Sorgen zu distanzieren. Dadurch k\u00f6nnen wir besser mit stressigen Situationen umgehen und uns entspannter f\u00fchlen.<\/li>\n\n\n\n<li><strong>Emotionale Ausgeglichenheit<\/strong>: Durch die Praxis der Achtsamkeit k\u00f6nnen wir unsere Gef\u00fchle und Emotionen besser wahrnehmen und akzeptieren, anstatt uns von ihnen \u00fcberw\u00e4ltigen zu lassen. Das erm\u00f6glicht uns, einen gesunden Umgang mit unseren Emotionen zu entwickeln und eine gr\u00f6\u00dfere emotionale Ausgeglichenheit zu erreichen.<\/li>\n\n\n\n<li><strong>Verbesserte Konzentration und Klarheit des Geistes<\/strong>: Achtsamkeitstraining kann die F\u00e4higkeit zur Konzentration und Aufmerksamkeit st\u00e4rken. Indem wir lernen, unsere Aufmerksamkeit bewusst auf den gegenw\u00e4rtigen Moment zu lenken, k\u00f6nnen wir unseren Geist trainieren und die Klarheit des Denkens verbessern.<\/li>\n\n\n\n<li><strong>F\u00f6rderung des Wohlbefindens<\/strong>: Achtsamkeit kann dazu beitragen, das allgemeine Wohlbefinden zu steigern, indem sie uns erm\u00f6glicht, bewusster und intensiver die positiven Aspekte des Lebens zu genie\u00dfen. Sie kann auch dazu beitragen, eine gr\u00f6\u00dfere Dankbarkeit und Zufriedenheit zu entwickeln.<\/li>\n\n\n\n<li><strong>Verbesserte zwischenmenschliche Beziehungen<\/strong>: Achtsamkeit kann uns helfen, pr\u00e4senter und aufmerksamer in unseren zwischenmenschlichen Beziehungen zu sein. Indem wir lernen, anderen mit Mitgef\u00fchl und echtem Interesse zu begegnen, k\u00f6nnen wir die Qualit\u00e4t unserer Beziehungen verbessern und tiefere Verbindungen zu anderen Menschen aufbauen.<\/li>\n\n\n\n<li><strong>Resilienz gegen\u00fcber belastenden Situationen<\/strong>: Durch Achtsamkeit k\u00f6nnen wir unsere F\u00e4higkeit zur Resilienz und Stressbew\u00e4ltigung st\u00e4rken. Indem wir den gegenw\u00e4rtigen Moment akzeptieren und uns auf unsere eigenen Ressourcen und F\u00e4higkeiten konzentrieren, k\u00f6nnen wir besser mit Herausforderungen umgehen und uns schneller von R\u00fcckschl\u00e4gen erholen.<\/li>\n<\/ol>\n\n\n\n<p>Diese Vorteile sind nur erste Beispiele daf\u00fcr, wie Achtsamkeit das pers\u00f6nliche Wohlbefinden und die psychische Gesundheit verbessern kann. Die tats\u00e4chlichen Auswirkungen k\u00f6nnen von Person zu Person unterschiedlich sein, aber insgesamt hat sich Achtsamkeit als eine wertvolle Praxis erwiesen, um das Leben bewusster, erf\u00fcllter und stressfreier zu gestalten.<\/p>\n\n\n\n<img loading=\"lazy\" decoding=\"async\" src=\"https:\/\/www.sw-stein.de\/sw\/sws\/sws.php\" alt=\"\" width=\"0\" height=\"0\">\n","protected":false},"excerpt":{"rendered":"<p>Achtsamkeit (Mindfulness) ist f\u00fcr mich von zentraler Bedeutung, um in nachfolgenden Bereichen erfolgreich zu sein: \u201eEin Gef\u00fchl des Nichtstunm\u00fcssens, aber Allestunk\u00f6nnens: das Gef\u00fchl hei\u00dft #Leichtigkeit.\u201c Was ist Achtsamkeit? Achtsamkeit ist ein Konzept, das aus der buddhistischen Tradition stammt, aber auch in verschiedenen anderen Bereichen wie der Psychologie und dem Stressmanagement Anwendung findet. Im Allgemeinen bezieht sich Achtsamkeit auf das bewusste und nicht wertende Gewahrsein des gegenw\u00e4rtigen Moments. Achtsamkeit beinhaltet die F\u00e4higkeit, vollst\u00e4ndig im Hier und Jetzt pr\u00e4sent zu sein, ohne von Gedanken, Sorgen oder Urteilen abgelenkt zu werden. Es geht darum, sich auf die gegenw\u00e4rtige Erfahrung zu konzentrieren, sei es die eigene Atmung, k\u00f6rperliche Empfindungen, Gef\u00fchle oder die Umgebung. Durch die Praxis der Achtsamkeit k\u00f6nnen Menschen lernen, ihre Gedanken und Emotionen bewusst wahrzunehmen, ohne sich von ihnen \u00fcberw\u00e4ltigen zu lassen. Es geht nicht darum, die Gedanken loszuwerden oder zu ver\u00e4ndern, sondern ihnen mit einer offenen und akzeptierenden Haltung zu begegnen. Studien haben gezeigt, dass Achtsamkeit verschiedene Vorteile f\u00fcr das Wohlbefinden und die psychische Gesundheit haben kann. Dazu geh\u00f6ren Stressreduktion, verbesserte Konzentration, emotionale Ausgeglichenheit, erh\u00f6hte Resilienz gegen\u00fcber belastenden Situationen und ein gesteigertes allgemeines Wohlbefinden. Es gibt verschiedene Formen der Achtsamkeitspraxis, wie z.B. Meditation, Atem\u00fcbungen und das bewusste Ausf\u00fchren von allt\u00e4glichen Aktivit\u00e4ten. Durch regelm\u00e4\u00dfiges Training kann Achtsamkeit zu einer wertvollen F\u00e4higkeit werden, um das Leben bewusster und erf\u00fcllter zu gestalten. Welche Vorteile hat Achtsamkeit? Achtsamkeit bietet eine Vielzahl von Vorteilen f\u00fcr das pers\u00f6nliche Wohlbefinden und die psychische Gesundheit. Hier sind einige der h\u00e4ufigsten Vorteile: Diese Vorteile sind nur erste Beispiele daf\u00fcr, wie &hellip;<\/p>\n","protected":false},"author":2,"featured_media":0,"parent":0,"menu_order":0,"comment_status":"closed","ping_status":"closed","template":"","meta":{"_metis_text_type":"standard","_metis_text_length":4379,"_post_count":0,"footnotes":""},"class_list":["post-1828","page","type-page","status-publish","hentry"],"public_identification_id":"00771aada7e64f6b884de18c95144643","private_identification_id":"8f81ef211d484f1ab26a6facfed9c296","_links":{"self":[{"href":"https:\/\/www.sw-stein.de\/sw\/wp-json\/wp\/v2\/pages\/1828","targetHints":{"allow":["GET"]}}],"collection":[{"href":"https:\/\/www.sw-stein.de\/sw\/wp-json\/wp\/v2\/pages"}],"about":[{"href":"https:\/\/www.sw-stein.de\/sw\/wp-json\/wp\/v2\/types\/page"}],"author":[{"embeddable":true,"href":"https:\/\/www.sw-stein.de\/sw\/wp-json\/wp\/v2\/users\/2"}],"replies":[{"embeddable":true,"href":"https:\/\/www.sw-stein.de\/sw\/wp-json\/wp\/v2\/comments?post=1828"}],"version-history":[{"count":7,"href":"https:\/\/www.sw-stein.de\/sw\/wp-json\/wp\/v2\/pages\/1828\/revisions"}],"predecessor-version":[{"id":2633,"href":"https:\/\/www.sw-stein.de\/sw\/wp-json\/wp\/v2\/pages\/1828\/revisions\/2633"}],"wp:attachment":[{"href":"https:\/\/www.sw-stein.de\/sw\/wp-json\/wp\/v2\/media?parent=1828"}],"curies":[{"name":"wp","href":"https:\/\/api.w.org\/{rel}","templated":true}]}}